{"id":1456,"date":"2023-06-22T09:07:40","date_gmt":"2023-06-22T07:07:40","guid":{"rendered":"https:\/\/zd-crnomelj.si\/zvc\/?page_id=1456"},"modified":"2025-04-23T09:07:47","modified_gmt":"2025-04-23T07:07:47","slug":"odrasli","status":"publish","type":"page","link":"https:\/\/zd-crnomelj.si\/ckz\/odrasli\/","title":{"rendered":"Odrasli"},"content":{"rendered":"<p>Program<strong> <em>Skupaj za zdravje <\/em><\/strong>je celovit, univerzalno dostopen nacionalni program integrirane preventive kroni\u010dnih bolezni, ki se \u017ee od leta 2002 izvaja v ambulantah dru\u017einske medicine in Centrih za krepitev zdravja.<\/p>\n<p>Osnovni namen programa <em>Skupaj za zdravje<\/em> je izbolj\u0161ati zdravje in kakovost \u017eivljenja prebivalcev Slovenije.<\/p>\n<p>Glavni cilji programa so:<br \/>\u2012 zmanj\u0161ati zgodnjo umrljivost, obolevnost in invalidnost zaradi nekaterih najpogostej\u0161ih kroni\u010dnih bolezni, kot so:<br \/><span style=\"color: #ffffff;\">&#8230;<\/span>sr\u010dno-\u017eilne bolezni, rak, sladkorna bolezen tipa 2, kroni\u010dna obstruktivna plju\u010dna bolezen,<br \/><span style=\"color: #ffffff;\">&#8230;<\/span>hipertenzija, debelost, depresija, osteoporoza idr.,<br \/>\u2012 odkrivati in obvladovati vedenjske, biolo\u0161ke in psihosocialne dejavnike tveganja za razvoj kroni\u010dnih bolezni,<br \/>\u2012 izbolj\u0161ati du\u0161evno zdravje,<br \/>\u2012 opolnomo\u010diti osebe pri skrbi za lastno zdravje in<br \/>\u2012 izbolj\u0161ati kakovost \u017eivljenja.<\/p>\n<p style=\"text-align: center;\">\u00a0<\/p>\n<table style=\"width: 91.6202%;\">\n<tbody>\n<tr>\n<td style=\"width: 24.8383%; text-align: center;\">\n<div id=\"attachment_2037\" style=\"width: 198px\" class=\"wp-caption aligncenter\"><a href=\"https:\/\/zd-crnomelj.si\/CKZ\/lokalna-skupnost\/\"><img loading=\"lazy\" decoding=\"async\" aria-describedby=\"caption-attachment-2037\" class=\"wp-image-2037\" src=\"https:\/\/zd-crnomelj.si\/zvc\/wp-content\/uploads\/sites\/3\/2023\/11\/prenos.jpg\" alt=\"Lokalna skupnost\" width=\"188\" height=\"125\" \/><\/a><p id=\"caption-attachment-2037\" class=\"wp-caption-text\"><a href=\"https:\/\/zd-crnomelj.si\/ckz\/lokalna-skupnost\/\">\u00a0Lokalna skupnost<\/a><\/p><\/div>\n<\/td>\n<td style=\"width: 26.3907%; text-align: center;\">\n<div id=\"attachment_1782\" style=\"width: 203px\" class=\"wp-caption aligncenter\"><a href=\"https:\/\/zd-crnomelj.si\/ckz\/odrasli\/svit-individualni-posveti\/\"><img loading=\"lazy\" decoding=\"async\" aria-describedby=\"caption-attachment-1782\" class=\" wp-image-1782\" src=\"https:\/\/zd-crnomelj.si\/zvc\/wp-content\/uploads\/sites\/3\/2023\/07\/1-1024x724.png\" alt=\"Svit podpora\" width=\"193\" height=\"137\" srcset=\"https:\/\/zd-crnomelj.si\/ckz\/wp-content\/uploads\/sites\/3\/2023\/07\/1-1024x724.png 1024w, https:\/\/zd-crnomelj.si\/ckz\/wp-content\/uploads\/sites\/3\/2023\/07\/1-300x212.png 300w, https:\/\/zd-crnomelj.si\/ckz\/wp-content\/uploads\/sites\/3\/2023\/07\/1-768x543.png 768w, https:\/\/zd-crnomelj.si\/ckz\/wp-content\/uploads\/sites\/3\/2023\/07\/1.png 2000w\" sizes=\"auto, (max-width: 193px) 100vw, 193px\" \/><\/a><p id=\"caption-attachment-1782\" class=\"wp-caption-text\"><a href=\"https:\/\/zd-crnomelj.si\/ckz\/odrasli\/svit-individualni-posveti\/\">Svit podpora<\/a><\/p><\/div>\n<\/td>\n<td style=\"width: 26.0026%; text-align: center;\">\n<div id=\"attachment_2034\" style=\"width: 148px\" class=\"wp-caption aligncenter\"><a href=\"https:\/\/zd-crnomelj.si\/ckz\/odrasli\/krepitev-zdravja\/\"><img loading=\"lazy\" decoding=\"async\" aria-describedby=\"caption-attachment-2034\" class=\"wp-image-2034\" src=\"https:\/\/zd-crnomelj.si\/zvc\/wp-content\/uploads\/sites\/3\/2023\/11\/images.jpg\" alt=\"Delavnice za odrasle\" width=\"138\" height=\"138\" srcset=\"https:\/\/zd-crnomelj.si\/ckz\/wp-content\/uploads\/sites\/3\/2023\/11\/images.jpg 225w, https:\/\/zd-crnomelj.si\/ckz\/wp-content\/uploads\/sites\/3\/2023\/11\/images-150x150.jpg 150w\" sizes=\"auto, (max-width: 138px) 100vw, 138px\" \/><\/a><p id=\"caption-attachment-2034\" class=\"wp-caption-text\"><a href=\"https:\/\/zd-crnomelj.si\/ckz\/odrasli\/krepitev-zdravja\/\">Delavnice za odrasle<\/a><\/p><\/div>\n<\/td>\n<td style=\"width: 21.4748%;\">\n<div id=\"attachment_2033\" style=\"width: 128px\" class=\"wp-caption aligncenter\"><a href=\"https:\/\/zd-crnomelj.si\/ckz\/odrasli\/nordijska-hoja\/\"><img loading=\"lazy\" decoding=\"async\" aria-describedby=\"caption-attachment-2033\" class=\"wp-image-2033\" src=\"https:\/\/zd-crnomelj.si\/zvc\/wp-content\/uploads\/sites\/3\/2023\/11\/nordiska-hoja.jpg\" alt=\"Nordiska hoja\" width=\"118\" height=\"123\" srcset=\"https:\/\/zd-crnomelj.si\/ckz\/wp-content\/uploads\/sites\/3\/2023\/11\/nordiska-hoja.jpg 357w, https:\/\/zd-crnomelj.si\/ckz\/wp-content\/uploads\/sites\/3\/2023\/11\/nordiska-hoja-288x300.jpg 288w\" sizes=\"auto, (max-width: 118px) 100vw, 118px\" \/><\/a><p id=\"caption-attachment-2033\" class=\"wp-caption-text\"><a href=\"https:\/\/zd-crnomelj.si\/ckz\/odrasli\/nordijska-hoja\/\">Nordijska hoja<\/a><\/p><\/div>\n<\/td>\n<\/tr>\n<\/tbody>\n<\/table>\n","protected":false},"excerpt":{"rendered":"<p>Program Skupaj za zdravje je celovit, univerzalno dostopen nacionalni program integrirane preventive kroni\u010dnih bolezni, ki se \u017ee od leta 2002 izvaja v ambulantah dru\u017einske medicine in Centrih za krepitev zdravja. Osnovni namen programa Skupaj za zdravje je izbolj\u0161ati zdravje in kakovost \u017eivljenja prebivalcev Slovenije. Glavni cilji programa so:\u2012 zmanj\u0161ati zgodnjo umrljivost, obolevnost in invalidnost zaradi [&hellip;]<\/p>\n","protected":false},"author":7,"featured_media":1867,"parent":0,"menu_order":0,"comment_status":"closed","ping_status":"closed","template":"","meta":{"footnotes":""},"class_list":["post-1456","page","type-page","status-publish","has-post-thumbnail","hentry"],"_links":{"self":[{"href":"https:\/\/zd-crnomelj.si\/ckz\/wp-json\/wp\/v2\/pages\/1456","targetHints":{"allow":["GET"]}}],"collection":[{"href":"https:\/\/zd-crnomelj.si\/ckz\/wp-json\/wp\/v2\/pages"}],"about":[{"href":"https:\/\/zd-crnomelj.si\/ckz\/wp-json\/wp\/v2\/types\/page"}],"author":[{"embeddable":true,"href":"https:\/\/zd-crnomelj.si\/ckz\/wp-json\/wp\/v2\/users\/7"}],"replies":[{"embeddable":true,"href":"https:\/\/zd-crnomelj.si\/ckz\/wp-json\/wp\/v2\/comments?post=1456"}],"version-history":[{"count":21,"href":"https:\/\/zd-crnomelj.si\/ckz\/wp-json\/wp\/v2\/pages\/1456\/revisions"}],"predecessor-version":[{"id":2568,"href":"https:\/\/zd-crnomelj.si\/ckz\/wp-json\/wp\/v2\/pages\/1456\/revisions\/2568"}],"wp:featuredmedia":[{"embeddable":true,"href":"https:\/\/zd-crnomelj.si\/ckz\/wp-json\/wp\/v2\/media\/1867"}],"wp:attachment":[{"href":"https:\/\/zd-crnomelj.si\/ckz\/wp-json\/wp\/v2\/media?parent=1456"}],"curies":[{"name":"wp","href":"https:\/\/api.w.org\/{rel}","templated":true}]}}