{"id":1459,"date":"2023-06-22T09:07:40","date_gmt":"2023-06-22T07:07:40","guid":{"rendered":"https:\/\/zd-crnomelj.si\/zvc\/?page_id=1459"},"modified":"2023-11-20T12:44:21","modified_gmt":"2023-11-20T11:44:21","slug":"lokalna-skupnost","status":"publish","type":"page","link":"https:\/\/zd-crnomelj.si\/ckz\/odrasli\/lokalna-skupnost\/","title":{"rendered":"Lokalna skupnost"},"content":{"rendered":"<p>Delo Centra za krepitev zdravja \u010crnomelj v lokalni skupnosti vklju\u010duje razli\u010dne dejavnosti, ki so namenjene izbolj\u0161anju zdravja prebivalcev Bele krajine na lokalni ravni.<\/p>\n<p>Center za krepitev zdravja \u010crnomelj izobra\u017euje in ozave\u0161\u010da lokalno skupnost tako, da organizira razli\u010dna predavanja, delavnice, seminarje, ki spodbujajo ozave\u0161\u010danje o pomenu zdravega na\u010dina \u017eivljenja, preventive bolezni, prehrane, telesne aktivnosti in drugih podro\u010djih, povezanih z zdravjem.<\/p>\n<p>CK izvaja tudi promocijo, kjer spodbuja prebivalce lokalne skupnosti k sprejemanju zdravih navad, kot so redna telesna aktivnost, uravnote\u017eena prehrana, opu\u0161\u010danje kajenja, omejevanje u\u017eivanja alkohola in drugi zdravi na\u010dini \u017eivljenja. Poleg promocije sodeluje tudi z lokalnimi organizacijami in institucijami, kot so izobra\u017eevalne ustanove (vrtci, osnovne \u0161ole, srednje \u0161ole,..) in drugimi organizacijami, s katerimi skupaj delujejo na podro\u010dju promocije zdravja, izvajanja preventivnih programov in vzpostavitve podpornega okolja za zdravje.<\/p>\n<p>Pomembno je poudariti, da so dejavnosti in vloge Centra za krepitev zdravja\u00a0odvisne od lokalnih potreb, razpolo\u017eljivih virov in ciljev, dolo\u010denih s strani lokalne skupnosti.<\/p>\n","protected":false},"excerpt":{"rendered":"<p>Delo Centra za krepitev zdravja \u010crnomelj v lokalni skupnosti vklju\u010duje razli\u010dne dejavnosti, ki so namenjene izbolj\u0161anju zdravja prebivalcev Bele krajine na lokalni ravni. Center za krepitev zdravja \u010crnomelj izobra\u017euje in ozave\u0161\u010da lokalno skupnost tako, da organizira razli\u010dna predavanja, delavnice, seminarje, ki spodbujajo ozave\u0161\u010danje o pomenu zdravega na\u010dina \u017eivljenja, preventive bolezni, prehrane, telesne aktivnosti in drugih [&hellip;]<\/p>\n","protected":false},"author":7,"featured_media":0,"parent":1456,"menu_order":0,"comment_status":"closed","ping_status":"closed","template":"","meta":{"footnotes":""},"class_list":["post-1459","page","type-page","status-publish","hentry"],"_links":{"self":[{"href":"https:\/\/zd-crnomelj.si\/ckz\/wp-json\/wp\/v2\/pages\/1459","targetHints":{"allow":["GET"]}}],"collection":[{"href":"https:\/\/zd-crnomelj.si\/ckz\/wp-json\/wp\/v2\/pages"}],"about":[{"href":"https:\/\/zd-crnomelj.si\/ckz\/wp-json\/wp\/v2\/types\/page"}],"author":[{"embeddable":true,"href":"https:\/\/zd-crnomelj.si\/ckz\/wp-json\/wp\/v2\/users\/7"}],"replies":[{"embeddable":true,"href":"https:\/\/zd-crnomelj.si\/ckz\/wp-json\/wp\/v2\/comments?post=1459"}],"version-history":[{"count":2,"href":"https:\/\/zd-crnomelj.si\/ckz\/wp-json\/wp\/v2\/pages\/1459\/revisions"}],"predecessor-version":[{"id":1516,"href":"https:\/\/zd-crnomelj.si\/ckz\/wp-json\/wp\/v2\/pages\/1459\/revisions\/1516"}],"up":[{"embeddable":true,"href":"https:\/\/zd-crnomelj.si\/ckz\/wp-json\/wp\/v2\/pages\/1456"}],"wp:attachment":[{"href":"https:\/\/zd-crnomelj.si\/ckz\/wp-json\/wp\/v2\/media?parent=1459"}],"curies":[{"name":"wp","href":"https:\/\/api.w.org\/{rel}","templated":true}]}}