{"id":1472,"date":"2023-06-22T09:09:12","date_gmt":"2023-06-22T07:09:12","guid":{"rendered":"https:\/\/zd-crnomelj.si\/zvc\/?page_id=1472"},"modified":"2024-05-24T09:55:02","modified_gmt":"2024-05-24T07:55:02","slug":"individualni-posveti","status":"publish","type":"page","link":"https:\/\/zd-crnomelj.si\/ckz\/individualni-posveti\/","title":{"rendered":"Individualni posveti"},"content":{"rendered":"<p>Individualni posveti za krepitev zdravja potekajo vsak dan. Kako? Samo pokli\u010de\u0161 na\u00a0<span class=\"WdYUQQ text-decoration-none text-strikethrough-none\">07\/30 61 723 ali\u00a007\/ 62 05 755<\/span> in si rezervira\u0161 termin, ali pa nam pi\u0161e\u0161 na:\u00a0<span class=\"WdYUQQ text-decoration-none text-strikethrough-none\">ckz@zd-crnomelj.si<\/span><\/p>\n<p><strong>Nudimo\u00a0individualne posvete na razli\u010dnih podro\u010djih:\u00a0<\/strong><\/p>\n<p class=\"_04xlpA direction-ltr align-start para-style-body\"><span class=\"WdYUQQ text-decoration-none text-strikethrough-none\">&#8211;\u00a0 analiza sestave telesne mase<br \/>\n<\/span><span class=\"WdYUQQ text-decoration-none text-strikethrough-none\">&#8211;\u00a0 meritve krvnega tlaka, krvnega sladkorja<br \/>\n<\/span><span class=\"WdYUQQ text-decoration-none text-strikethrough-none\">&#8211;\u00a0 svetovanje s podro\u010dja zdravega \u017eivljenjskega sloga<br \/>\n<\/span><span class=\"WdYUQQ text-decoration-none text-strikethrough-none\">&#8211;\u00a0 svetovanje s podro\u010dja dejavnikov tveganja (zvi\u0161ane ma\u0161\u010dobe v krvi, zvi\u0161an krvni tlak, zvi\u0161an krvni sladkor)<br \/>\n<\/span><span class=\"WdYUQQ text-decoration-none text-strikethrough-none\">&#8211;\u00a0 podpora pri obvladovanju prekomerne telesne mase<br \/>\n<\/span><span class=\"WdYUQQ text-decoration-none text-strikethrough-none\">&#8211;\u00a0 Svit svetovanje<br \/>\n<\/span><span class=\"WdYUQQ text-decoration-none text-strikethrough-none\">&#8211;\u00a0 svetovanje in individualni na\u010drt prehranjevanja in telesne dejavnosti<br \/>\n<\/span><span class=\"WdYUQQ text-decoration-none text-strikethrough-none\">&#8211;\u00a0 presejanje za funkcijsko manjzmo\u017enost<br \/>\n<\/span><span class=\"WdYUQQ text-decoration-none text-strikethrough-none\">&#8211;\u00a0 podpora pri vzdr\u017eevanju in pridobivanju mi\u0161i\u010dne mase<br \/>\n<\/span><span class=\"WdYUQQ text-decoration-none text-strikethrough-none\">&#8211;\u00a0 individualna svetovanja na podro\u010dju du\u0161evnega zdravja<br \/>\n&#8211;\u00a0 i<\/span>ndividualno svetovanje v \u010dasu nose\u010dnosti<br \/>\n<img loading=\"lazy\" decoding=\"async\" class=\"aligncenter wp-image-2256\" src=\"https:\/\/zd-crnomelj.si\/zvc\/wp-content\/uploads\/sites\/3\/2023\/11\/1701237240109-768x1024.jpeg\" alt=\"\" width=\"293\" height=\"391\" srcset=\"https:\/\/zd-crnomelj.si\/ckz\/wp-content\/uploads\/sites\/3\/2023\/11\/1701237240109-768x1024.jpeg 768w, https:\/\/zd-crnomelj.si\/ckz\/wp-content\/uploads\/sites\/3\/2023\/11\/1701237240109-225x300.jpeg 225w, https:\/\/zd-crnomelj.si\/ckz\/wp-content\/uploads\/sites\/3\/2023\/11\/1701237240109.jpeg 1536w\" sizes=\"auto, (max-width: 293px) 100vw, 293px\" \/><\/p>\n<p style=\"text-align: center;\">Individualni posveti so namenjene <strong>VSEM &#8211;\u00a0<\/strong>otrokom, mladostnikom, odraslim in starej\u0161im osebam.<\/p>\n<p style=\"text-align: center;\"><a href=\"https:\/\/zd-crnomelj.si\/zvc\/wp-content\/uploads\/sites\/3\/2024\/05\/INDIVIDUALNI-POSVETI-LETAK.pdf\"><span style=\"font-family: 'comic sans ms', sans-serif; font-size: 14pt; color: #008080;\">INDIVIDUALNI POSVETI &#8211; LETAK<\/span><\/a><br \/>\n<img loading=\"lazy\" decoding=\"async\" class=\"alignnone size-medium wp-image-1691 aligncenter\" src=\"https:\/\/zd-crnomelj.si\/zvc\/wp-content\/uploads\/sites\/3\/2023\/06\/pogovorne-ure-1-300x64.png\" alt=\"\" width=\"300\" height=\"64\" srcset=\"https:\/\/zd-crnomelj.si\/ckz\/wp-content\/uploads\/sites\/3\/2023\/06\/pogovorne-ure-1-300x64.png 300w, https:\/\/zd-crnomelj.si\/ckz\/wp-content\/uploads\/sites\/3\/2023\/06\/pogovorne-ure-1-768x164.png 768w, https:\/\/zd-crnomelj.si\/ckz\/wp-content\/uploads\/sites\/3\/2023\/06\/pogovorne-ure-1.png 943w\" sizes=\"auto, (max-width: 300px) 100vw, 300px\" \/><\/p>\n","protected":false},"excerpt":{"rendered":"<p>Individualni posveti za krepitev zdravja potekajo vsak dan. Kako? Samo pokli\u010de\u0161 na\u00a007\/30 61 723 ali\u00a007\/ 62 05 755 in si rezervira\u0161 termin, ali pa nam pi\u0161e\u0161 na:\u00a0ckz@zd-crnomelj.si Nudimo\u00a0individualne posvete na razli\u010dnih podro\u010djih:\u00a0 &#8211;\u00a0 analiza sestave telesne mase &#8211;\u00a0 meritve krvnega tlaka, krvnega sladkorja &#8211;\u00a0 svetovanje s podro\u010dja zdravega \u017eivljenjskega sloga &#8211;\u00a0 svetovanje s podro\u010dja dejavnikov [&hellip;]<\/p>\n","protected":false},"author":7,"featured_media":1689,"parent":0,"menu_order":0,"comment_status":"closed","ping_status":"closed","template":"","meta":{"footnotes":""},"class_list":["post-1472","page","type-page","status-publish","has-post-thumbnail","hentry"],"_links":{"self":[{"href":"https:\/\/zd-crnomelj.si\/ckz\/wp-json\/wp\/v2\/pages\/1472","targetHints":{"allow":["GET"]}}],"collection":[{"href":"https:\/\/zd-crnomelj.si\/ckz\/wp-json\/wp\/v2\/pages"}],"about":[{"href":"https:\/\/zd-crnomelj.si\/ckz\/wp-json\/wp\/v2\/types\/page"}],"author":[{"embeddable":true,"href":"https:\/\/zd-crnomelj.si\/ckz\/wp-json\/wp\/v2\/users\/7"}],"replies":[{"embeddable":true,"href":"https:\/\/zd-crnomelj.si\/ckz\/wp-json\/wp\/v2\/comments?post=1472"}],"version-history":[{"count":16,"href":"https:\/\/zd-crnomelj.si\/ckz\/wp-json\/wp\/v2\/pages\/1472\/revisions"}],"predecessor-version":[{"id":2441,"href":"https:\/\/zd-crnomelj.si\/ckz\/wp-json\/wp\/v2\/pages\/1472\/revisions\/2441"}],"wp:featuredmedia":[{"embeddable":true,"href":"https:\/\/zd-crnomelj.si\/ckz\/wp-json\/wp\/v2\/media\/1689"}],"wp:attachment":[{"href":"https:\/\/zd-crnomelj.si\/ckz\/wp-json\/wp\/v2\/media?parent=1472"}],"curies":[{"name":"wp","href":"https:\/\/api.w.org\/{rel}","templated":true}]}}