{"id":1508,"date":"2023-06-26T08:05:58","date_gmt":"2023-06-26T06:05:58","guid":{"rendered":"https:\/\/zd-crnomelj.si\/zvc\/?page_id=1508"},"modified":"2023-06-26T08:05:58","modified_gmt":"2023-06-26T06:05:58","slug":"test-hoje-na-2-km","status":"publish","type":"page","link":"https:\/\/zd-crnomelj.si\/ckz\/test-hoje-na-2-km\/","title":{"rendered":"Test hoje na 2 km"},"content":{"rendered":"<p>V CKZ \u010crnomelj organiziramo test hoje na 2 km dvakrat letno &#8211; spomladi in jeseni. Testiranje poteka predvsem na stadionu Loka v \u010crnomlju.<\/p>\n<p>Je enostaven, natan\u010den, varen in ponovljiv test, pri katerem na podlagi va\u0161ih podatkov (spol, starost, telesna masa in vi\u0161ina) ter \u010dasa hoje in sr\u010dnega utripa dolo\u010dimo indeks telesne zmogljivosti.<\/p>\n<p>Namenjen je vsem odraslim, ki bi radi preverili svojo telesno zmogljivost. \u0160e posebej se priporo\u010da tistim, ki imajo prekomerno telesno maso ali pa so nezadostno telesno dejavni.<\/p>\n<p>Za\u017eeleno je, da po nekaj mesecih do pol leta vadbe test ponovite in potrdite svoj napredek.<\/p>\n<p>&nbsp;<\/p>\n","protected":false},"excerpt":{"rendered":"<p>V CKZ \u010crnomelj organiziramo test hoje na 2 km dvakrat letno &#8211; spomladi in jeseni. Testiranje poteka predvsem na stadionu Loka v \u010crnomlju. Je enostaven, natan\u010den, varen in ponovljiv test, pri katerem na podlagi va\u0161ih podatkov (spol, starost, telesna masa in vi\u0161ina) ter \u010dasa hoje in sr\u010dnega utripa dolo\u010dimo indeks telesne zmogljivosti. Namenjen je vsem [&hellip;]<\/p>\n","protected":false},"author":21,"featured_media":0,"parent":0,"menu_order":0,"comment_status":"closed","ping_status":"closed","template":"","meta":{"footnotes":""},"class_list":["post-1508","page","type-page","status-publish","hentry"],"_links":{"self":[{"href":"https:\/\/zd-crnomelj.si\/ckz\/wp-json\/wp\/v2\/pages\/1508","targetHints":{"allow":["GET"]}}],"collection":[{"href":"https:\/\/zd-crnomelj.si\/ckz\/wp-json\/wp\/v2\/pages"}],"about":[{"href":"https:\/\/zd-crnomelj.si\/ckz\/wp-json\/wp\/v2\/types\/page"}],"author":[{"embeddable":true,"href":"https:\/\/zd-crnomelj.si\/ckz\/wp-json\/wp\/v2\/users\/21"}],"replies":[{"embeddable":true,"href":"https:\/\/zd-crnomelj.si\/ckz\/wp-json\/wp\/v2\/comments?post=1508"}],"version-history":[{"count":1,"href":"https:\/\/zd-crnomelj.si\/ckz\/wp-json\/wp\/v2\/pages\/1508\/revisions"}],"predecessor-version":[{"id":1509,"href":"https:\/\/zd-crnomelj.si\/ckz\/wp-json\/wp\/v2\/pages\/1508\/revisions\/1509"}],"wp:attachment":[{"href":"https:\/\/zd-crnomelj.si\/ckz\/wp-json\/wp\/v2\/media?parent=1508"}],"curies":[{"name":"wp","href":"https:\/\/api.w.org\/{rel}","templated":true}]}}