{"id":1512,"date":"2023-06-26T08:18:11","date_gmt":"2023-06-26T06:18:11","guid":{"rendered":"https:\/\/zd-crnomelj.si\/zvc\/?page_id=1512"},"modified":"2023-11-27T09:22:31","modified_gmt":"2023-11-27T08:22:31","slug":"zvisan-krvni-tlak","status":"publish","type":"page","link":"https:\/\/zd-crnomelj.si\/ckz\/odrasli\/krepitev-zdravja\/zvisan-krvni-tlak\/","title":{"rendered":"DELAVNICA &#8211; Zvi\u0161an krvni tlak"},"content":{"rendered":"<p>Udele\u017eenci dobijo\u00a0 informacije o pomenu normalnih\u00a0 in mejnih vrednosti krvnega tlaka za zdravje, povezanosti izbire zdravega na\u010dina \u017eivljenja ter dejavnikih tveganja za nastanek povi\u0161anega krvnega tlaka. Nau\u010dijo se, kako si pravilno izmerijo krvni tlak ter pridobijo znanja, ve\u0161\u010dine in podporo za spreminjanje z zdravjem povezanega vedenja.<\/p>\n<p>Delavnica zajema enkratno sre\u010danje po 90 minut, ki jo vodi medicinska sestra.<\/p>\n<p style=\"text-align: center;\"><a href=\"https:\/\/zd-crnomelj.si\/zvc\/wp-content\/uploads\/sites\/3\/2023\/11\/Dejavniki-tveganja_CKZ_2019.pdf\">ZLO\u017dENKA\u00a0 Dejavniki tveganja<\/a><\/p>\n","protected":false},"excerpt":{"rendered":"<p>Udele\u017eenci dobijo\u00a0 informacije o pomenu normalnih\u00a0 in mejnih vrednosti krvnega tlaka za zdravje, povezanosti izbire zdravega na\u010dina \u017eivljenja ter dejavnikih tveganja za nastanek povi\u0161anega krvnega tlaka. Nau\u010dijo se, kako si pravilno izmerijo krvni tlak ter pridobijo znanja, ve\u0161\u010dine in podporo za spreminjanje z zdravjem povezanega vedenja. Delavnica zajema enkratno sre\u010danje po 90 minut, ki jo [&hellip;]<\/p>\n","protected":false},"author":21,"featured_media":1846,"parent":1663,"menu_order":0,"comment_status":"closed","ping_status":"closed","template":"","meta":{"footnotes":""},"class_list":["post-1512","page","type-page","status-publish","has-post-thumbnail","hentry"],"_links":{"self":[{"href":"https:\/\/zd-crnomelj.si\/ckz\/wp-json\/wp\/v2\/pages\/1512","targetHints":{"allow":["GET"]}}],"collection":[{"href":"https:\/\/zd-crnomelj.si\/ckz\/wp-json\/wp\/v2\/pages"}],"about":[{"href":"https:\/\/zd-crnomelj.si\/ckz\/wp-json\/wp\/v2\/types\/page"}],"author":[{"embeddable":true,"href":"https:\/\/zd-crnomelj.si\/ckz\/wp-json\/wp\/v2\/users\/21"}],"replies":[{"embeddable":true,"href":"https:\/\/zd-crnomelj.si\/ckz\/wp-json\/wp\/v2\/comments?post=1512"}],"version-history":[{"count":9,"href":"https:\/\/zd-crnomelj.si\/ckz\/wp-json\/wp\/v2\/pages\/1512\/revisions"}],"predecessor-version":[{"id":2201,"href":"https:\/\/zd-crnomelj.si\/ckz\/wp-json\/wp\/v2\/pages\/1512\/revisions\/2201"}],"up":[{"embeddable":true,"href":"https:\/\/zd-crnomelj.si\/ckz\/wp-json\/wp\/v2\/pages\/1663"}],"wp:featuredmedia":[{"embeddable":true,"href":"https:\/\/zd-crnomelj.si\/ckz\/wp-json\/wp\/v2\/media\/1846"}],"wp:attachment":[{"href":"https:\/\/zd-crnomelj.si\/ckz\/wp-json\/wp\/v2\/media?parent=1512"}],"curies":[{"name":"wp","href":"https:\/\/api.w.org\/{rel}","templated":true}]}}