{"id":1592,"date":"2023-06-27T11:29:59","date_gmt":"2023-06-27T09:29:59","guid":{"rendered":"https:\/\/zd-crnomelj.si\/zvc\/?page_id=1592"},"modified":"2023-11-27T09:23:20","modified_gmt":"2023-11-27T08:23:20","slug":"zvisane-mascobe-v-krvi","status":"publish","type":"page","link":"https:\/\/zd-crnomelj.si\/ckz\/odrasli\/krepitev-zdravja\/zvisane-mascobe-v-krvi\/","title":{"rendered":"DELAVNICA &#8211; Zvi\u0161ane ma\u0161\u010dobe v krvi"},"content":{"rendered":"<p>Delavnica Zvi\u0161ane ma\u0161\u010dobe v krvi je namenjena odraslim osebam s prisotnimi dejavniki tveganja za zvi\u0161ane ma\u0161\u010dobe v krvi in osebe, ki imajo zvi\u0161ane ma\u0161\u010dobe v krvi (ali\/in sr\u010dno- \u017eilno bolezen).\u00a0 Udele\u017eenci dobijo informacije o zvi\u0161anih vrednostih ma\u0161\u010dob\u00a0 v krvi in njihovemu vplivu na zdravje. Pridobijo znanja, ve\u0161\u010dine in podporo za spreminjanja \u017eivljenjskega sloga za obvladovanje ravni ma\u0161\u010dob v krvi.<\/p>\n<p>Delavnica zajema enkratno sre\u010danje po 90 minut.<br \/>\nDelavnico vodi medicinska sestra.<\/p>\n<p style=\"text-align: center;\"><a href=\"https:\/\/zd-crnomelj.si\/zvc\/wp-content\/uploads\/sites\/3\/2023\/11\/Dejavniki-tveganja_CKZ_2019.pdf\">ZLO\u017dENKA\u00a0 Dejavniki tveganja<\/a><\/p>\n","protected":false},"excerpt":{"rendered":"<p>Delavnica Zvi\u0161ane ma\u0161\u010dobe v krvi je namenjena odraslim osebam s prisotnimi dejavniki tveganja za zvi\u0161ane ma\u0161\u010dobe v krvi in osebe, ki imajo zvi\u0161ane ma\u0161\u010dobe v krvi (ali\/in sr\u010dno- \u017eilno bolezen).\u00a0 Udele\u017eenci dobijo informacije o zvi\u0161anih vrednostih ma\u0161\u010dob\u00a0 v krvi in njihovemu vplivu na zdravje. Pridobijo znanja, ve\u0161\u010dine in podporo za spreminjanja \u017eivljenjskega sloga za obvladovanje [&hellip;]<\/p>\n","protected":false},"author":21,"featured_media":1593,"parent":1663,"menu_order":0,"comment_status":"closed","ping_status":"closed","template":"","meta":{"footnotes":""},"class_list":["post-1592","page","type-page","status-publish","has-post-thumbnail","hentry"],"_links":{"self":[{"href":"https:\/\/zd-crnomelj.si\/ckz\/wp-json\/wp\/v2\/pages\/1592","targetHints":{"allow":["GET"]}}],"collection":[{"href":"https:\/\/zd-crnomelj.si\/ckz\/wp-json\/wp\/v2\/pages"}],"about":[{"href":"https:\/\/zd-crnomelj.si\/ckz\/wp-json\/wp\/v2\/types\/page"}],"author":[{"embeddable":true,"href":"https:\/\/zd-crnomelj.si\/ckz\/wp-json\/wp\/v2\/users\/21"}],"replies":[{"embeddable":true,"href":"https:\/\/zd-crnomelj.si\/ckz\/wp-json\/wp\/v2\/comments?post=1592"}],"version-history":[{"count":4,"href":"https:\/\/zd-crnomelj.si\/ckz\/wp-json\/wp\/v2\/pages\/1592\/revisions"}],"predecessor-version":[{"id":2202,"href":"https:\/\/zd-crnomelj.si\/ckz\/wp-json\/wp\/v2\/pages\/1592\/revisions\/2202"}],"up":[{"embeddable":true,"href":"https:\/\/zd-crnomelj.si\/ckz\/wp-json\/wp\/v2\/pages\/1663"}],"wp:featuredmedia":[{"embeddable":true,"href":"https:\/\/zd-crnomelj.si\/ckz\/wp-json\/wp\/v2\/media\/1593"}],"wp:attachment":[{"href":"https:\/\/zd-crnomelj.si\/ckz\/wp-json\/wp\/v2\/media?parent=1592"}],"curies":[{"name":"wp","href":"https:\/\/api.w.org\/{rel}","templated":true}]}}