{"id":1602,"date":"2023-06-27T11:49:26","date_gmt":"2023-06-27T09:49:26","guid":{"rendered":"https:\/\/zd-crnomelj.si\/zvc\/?page_id=1602"},"modified":"2023-11-30T12:51:17","modified_gmt":"2023-11-30T11:51:17","slug":"test-telesne-pripravljenosti","status":"publish","type":"page","link":"https:\/\/zd-crnomelj.si\/ckz\/odrasli\/krepitev-zdravja\/test-telesne-pripravljenosti\/","title":{"rendered":"DELAVNICA &#8211; Test telesne pripravljenosti"},"content":{"rendered":"<p>Namen testiranja telesne pripravljenosti je ozave\u0161\u010dati ljudi o stanju telesne pripravljenosti in posameznika spodbuditi h gibanju in zagotavljanju zdravja. Udele\u017eenci pri tej delavnici opravite skupino testov, ki so posebej dolo\u010deni za odrasle osebe ter posebej za starej\u0161e osebe. \u00a0Na podlagi ocene testiranja vam svetujemo o ustrezni telesni delavnosti za ohranjanje in krepitev zdravja.<\/p>\n<p><strong>Kdo se lahko udele\u017ei delavnice: <\/strong>Odrasle osebe, starej\u0161e od 19 let in starej\u0161e osebe, od 65 let (brez napotitve)<br \/>\n<strong>\u010casovni obseg:<\/strong> 1 sre\u010danje (30 minut)<br \/>\n<strong>Izvajalec<\/strong>: dipl. fizioterapevt \/ dipl. kineziolog<\/p>\n<p>Kontakt:<br \/>\n<a href=\"mailto:laura.muhic@zd-crnomelj.si\">laura.muhic@zd-crnomelj.si<\/a><br \/>\n<a href=\"mailto:tjasa.klemencic@zd-crnomelj.si\">tjasa.klemencic@zd-crnomelj.si<\/a><br \/>\n07 62 05 755<\/p>\n","protected":false},"excerpt":{"rendered":"<p>Namen testiranja telesne pripravljenosti je ozave\u0161\u010dati ljudi o stanju telesne pripravljenosti in posameznika spodbuditi h gibanju in zagotavljanju zdravja. Udele\u017eenci pri tej delavnici opravite skupino testov, ki so posebej dolo\u010deni za odrasle osebe ter posebej za starej\u0161e osebe. \u00a0Na podlagi ocene testiranja vam svetujemo o ustrezni telesni delavnosti za ohranjanje in krepitev zdravja. Kdo se [&hellip;]<\/p>\n","protected":false},"author":21,"featured_media":0,"parent":1663,"menu_order":0,"comment_status":"closed","ping_status":"closed","template":"","meta":{"footnotes":""},"class_list":["post-1602","page","type-page","status-publish","hentry"],"_links":{"self":[{"href":"https:\/\/zd-crnomelj.si\/ckz\/wp-json\/wp\/v2\/pages\/1602","targetHints":{"allow":["GET"]}}],"collection":[{"href":"https:\/\/zd-crnomelj.si\/ckz\/wp-json\/wp\/v2\/pages"}],"about":[{"href":"https:\/\/zd-crnomelj.si\/ckz\/wp-json\/wp\/v2\/types\/page"}],"author":[{"embeddable":true,"href":"https:\/\/zd-crnomelj.si\/ckz\/wp-json\/wp\/v2\/users\/21"}],"replies":[{"embeddable":true,"href":"https:\/\/zd-crnomelj.si\/ckz\/wp-json\/wp\/v2\/comments?post=1602"}],"version-history":[{"count":5,"href":"https:\/\/zd-crnomelj.si\/ckz\/wp-json\/wp\/v2\/pages\/1602\/revisions"}],"predecessor-version":[{"id":2265,"href":"https:\/\/zd-crnomelj.si\/ckz\/wp-json\/wp\/v2\/pages\/1602\/revisions\/2265"}],"up":[{"embeddable":true,"href":"https:\/\/zd-crnomelj.si\/ckz\/wp-json\/wp\/v2\/pages\/1663"}],"wp:attachment":[{"href":"https:\/\/zd-crnomelj.si\/ckz\/wp-json\/wp\/v2\/media?parent=1602"}],"curies":[{"name":"wp","href":"https:\/\/api.w.org\/{rel}","templated":true}]}}