{"id":1608,"date":"2023-06-27T11:52:24","date_gmt":"2023-06-27T09:52:24","guid":{"rendered":"https:\/\/zd-crnomelj.si\/zvc\/?page_id=1608"},"modified":"2023-11-27T09:01:19","modified_gmt":"2023-11-27T08:01:19","slug":"zdravo-jem","status":"publish","type":"page","link":"https:\/\/zd-crnomelj.si\/ckz\/odrasli\/krepitev-zdravja\/zdravo-jem\/","title":{"rendered":"DELAVNICA &#8211; Zdravo jem"},"content":{"rendered":"<p>Delavnica obsega\u00a0\u0161tiri skupinska in dve individualni sre\u010danji<strong>.<\/strong> Na delavnici boste pridobili najpomembnej\u0161a znanja o zdravi prehrani ter ve\u0161\u010dine za postopno uvajanje sprememb v svoje prehranjevanje.<br \/>\nNa prakti\u010den na\u010din se boste nau\u010dili sestavljati in na\u010drtovati obroke, izbirati \u017eivila na trgovinskih policah, kako se prehranjevati na poti in na delovnem mestu ter kako vzdr\u017eevati spremembe v prehranjevanju glede na razli\u010dne \u017eivljenjske situacije. Delavnico vodi dieteti\u010darka, ki vam nudi strokovno podporo in pomo\u010d pri spreminjanju nezdravih prehranjevalnih navad.<\/p>\n<p>Na delavnico vas lahko usmerita va\u0161 izbrani osebni zdravnik ali medicinska sestra iz ambulante dru\u017einske medicine.<\/p>\n<p style=\"text-align: center;\"><a href=\"https:\/\/zd-crnomelj.si\/zvc\/wp-content\/uploads\/sites\/3\/2019\/04\/Zdravo-jem_CKZ_2019.pdf\">ZLO\u017dENKA &#8211; Zdravo jem<\/a><\/p>\n","protected":false},"excerpt":{"rendered":"<p>Delavnica obsega\u00a0\u0161tiri skupinska in dve individualni sre\u010danji. Na delavnici boste pridobili najpomembnej\u0161a znanja o zdravi prehrani ter ve\u0161\u010dine za postopno uvajanje sprememb v svoje prehranjevanje. Na prakti\u010den na\u010din se boste nau\u010dili sestavljati in na\u010drtovati obroke, izbirati \u017eivila na trgovinskih policah, kako se prehranjevati na poti in na delovnem mestu ter kako vzdr\u017eevati spremembe v prehranjevanju [&hellip;]<\/p>\n","protected":false},"author":21,"featured_media":93,"parent":1663,"menu_order":0,"comment_status":"closed","ping_status":"closed","template":"","meta":{"footnotes":""},"class_list":["post-1608","page","type-page","status-publish","has-post-thumbnail","hentry"],"_links":{"self":[{"href":"https:\/\/zd-crnomelj.si\/ckz\/wp-json\/wp\/v2\/pages\/1608","targetHints":{"allow":["GET"]}}],"collection":[{"href":"https:\/\/zd-crnomelj.si\/ckz\/wp-json\/wp\/v2\/pages"}],"about":[{"href":"https:\/\/zd-crnomelj.si\/ckz\/wp-json\/wp\/v2\/types\/page"}],"author":[{"embeddable":true,"href":"https:\/\/zd-crnomelj.si\/ckz\/wp-json\/wp\/v2\/users\/21"}],"replies":[{"embeddable":true,"href":"https:\/\/zd-crnomelj.si\/ckz\/wp-json\/wp\/v2\/comments?post=1608"}],"version-history":[{"count":8,"href":"https:\/\/zd-crnomelj.si\/ckz\/wp-json\/wp\/v2\/pages\/1608\/revisions"}],"predecessor-version":[{"id":2190,"href":"https:\/\/zd-crnomelj.si\/ckz\/wp-json\/wp\/v2\/pages\/1608\/revisions\/2190"}],"up":[{"embeddable":true,"href":"https:\/\/zd-crnomelj.si\/ckz\/wp-json\/wp\/v2\/pages\/1663"}],"wp:featuredmedia":[{"embeddable":true,"href":"https:\/\/zd-crnomelj.si\/ckz\/wp-json\/wp\/v2\/media\/93"}],"wp:attachment":[{"href":"https:\/\/zd-crnomelj.si\/ckz\/wp-json\/wp\/v2\/media?parent=1608"}],"curies":[{"name":"wp","href":"https:\/\/api.w.org\/{rel}","templated":true}]}}