{"id":1614,"date":"2023-06-27T11:52:42","date_gmt":"2023-06-27T09:52:42","guid":{"rendered":"https:\/\/zd-crnomelj.si\/zvc\/?page_id=1614"},"modified":"2023-11-27T09:16:42","modified_gmt":"2023-11-27T08:16:42","slug":"zdravo-hujsanje","status":"publish","type":"page","link":"https:\/\/zd-crnomelj.si\/ckz\/odrasli\/krepitev-zdravja\/zdravo-hujsanje\/","title":{"rendered":"DELAVNICA &#8211; Zdravo huj\u0161anje"},"content":{"rendered":"<p>Delavnica\u00a0 poteka 18 tednov in obsega skupinska sre\u010danja, telesno vadbo in testiranje telesne pripravljenosti ter individualne posvete. Po kon\u010dani delavnici sledi \u0161e vzdr\u017eevalni del delavnice. Na delavnico vas lahko usmerita va\u0161 izbrani osebni zdravnik ali medicinska sestra iz ambulante dru\u017einske medicine.<\/p>\n<p>V delavnici pridobite znanja, ve\u0161\u010dine ter spodbudo za dolgoro\u010dne spremembe v va\u0161em \u017eivljenjskem slogu. S pridobljenimi ve\u0161\u010dinami boste spreminjali nezdrave prehranjevalne in gibalne navade, skozi celotno obdobje delavnice pa vam bo na voljo tudi psiholo\u0161ka podpora in motiviranje s strani usposobljenih strokovnjakov: diplomirana medicinska sestra, fizioterapevtka, dieteti\u010darka in psihologinja.<\/p>\n<p style=\"text-align: center;\"><a href=\"https:\/\/zd-crnomelj.si\/zvc\/wp-content\/uploads\/sites\/3\/2023\/11\/Zdravo-huj\u0161anje_CKZ_2019.pdf\">ZLO\u017dENKA &#8211; Zdravo huj\u0161anje<\/a><\/p>\n<p>&nbsp;<\/p>\n<p><img loading=\"lazy\" decoding=\"async\" class=\"aligncenter\" title=\"Zdrava prehrana\" src=\"https:\/\/www.loyolamedicine.org\/assets\/images\/blog-thumbnails\/blog-hearthealthydiet.jpg\" alt=\"How to Eat a Heart-Healthy Diet | Blog | Loyola Medicine\" width=\"732\" height=\"366\" \/><\/p>\n","protected":false},"excerpt":{"rendered":"<p>Delavnica\u00a0 poteka 18 tednov in obsega skupinska sre\u010danja, telesno vadbo in testiranje telesne pripravljenosti ter individualne posvete. Po kon\u010dani delavnici sledi \u0161e vzdr\u017eevalni del delavnice. Na delavnico vas lahko usmerita va\u0161 izbrani osebni zdravnik ali medicinska sestra iz ambulante dru\u017einske medicine. V delavnici pridobite znanja, ve\u0161\u010dine ter spodbudo za dolgoro\u010dne spremembe v va\u0161em \u017eivljenjskem slogu. [&hellip;]<\/p>\n","protected":false},"author":21,"featured_media":0,"parent":1663,"menu_order":0,"comment_status":"closed","ping_status":"closed","template":"","meta":{"footnotes":""},"class_list":["post-1614","page","type-page","status-publish","hentry"],"_links":{"self":[{"href":"https:\/\/zd-crnomelj.si\/ckz\/wp-json\/wp\/v2\/pages\/1614","targetHints":{"allow":["GET"]}}],"collection":[{"href":"https:\/\/zd-crnomelj.si\/ckz\/wp-json\/wp\/v2\/pages"}],"about":[{"href":"https:\/\/zd-crnomelj.si\/ckz\/wp-json\/wp\/v2\/types\/page"}],"author":[{"embeddable":true,"href":"https:\/\/zd-crnomelj.si\/ckz\/wp-json\/wp\/v2\/users\/21"}],"replies":[{"embeddable":true,"href":"https:\/\/zd-crnomelj.si\/ckz\/wp-json\/wp\/v2\/comments?post=1614"}],"version-history":[{"count":8,"href":"https:\/\/zd-crnomelj.si\/ckz\/wp-json\/wp\/v2\/pages\/1614\/revisions"}],"predecessor-version":[{"id":2198,"href":"https:\/\/zd-crnomelj.si\/ckz\/wp-json\/wp\/v2\/pages\/1614\/revisions\/2198"}],"up":[{"embeddable":true,"href":"https:\/\/zd-crnomelj.si\/ckz\/wp-json\/wp\/v2\/pages\/1663"}],"wp:attachment":[{"href":"https:\/\/zd-crnomelj.si\/ckz\/wp-json\/wp\/v2\/media?parent=1614"}],"curies":[{"name":"wp","href":"https:\/\/api.w.org\/{rel}","templated":true}]}}