{"id":1622,"date":"2023-06-27T11:54:56","date_gmt":"2023-06-27T09:54:56","guid":{"rendered":"https:\/\/zd-crnomelj.si\/zvc\/?page_id=1622"},"modified":"2023-06-28T06:48:42","modified_gmt":"2023-06-28T04:48:42","slug":"dusevno-zdravje","status":"publish","type":"page","link":"https:\/\/zd-crnomelj.si\/ckz\/dusevno-zdravje\/","title":{"rendered":"Du\u0161evno zdravje"},"content":{"rendered":"<p>Du\u0161evno zdravje je klju\u010dni vidik na\u0161ega celostnega blagostanja. Vklju\u010duje na\u0161e \u010dustveno, psiholo\u0161ko in socialno dobro po\u010dutje. Biti du\u0161evno zdrav pomeni imeti zdrave misli, \u010dustva in obvladovati stres, vzpostavljati zadovoljujo\u010de odnose, imeti mo\u010dno samopodobo ter se spopadati z izzivi in te\u017eavami v \u017eivljenju.<\/p>\n<p><img loading=\"lazy\" decoding=\"async\" class=\"alignnone size-medium wp-image-1656\" src=\"https:\/\/zd-crnomelj.si\/zvc\/wp-content\/uploads\/sites\/3\/2023\/06\/Polet-3.7.-2.-skrb-za-dusevno-zdravje-17022021-1180x520-300x132.png\" alt=\"\" width=\"300\" height=\"132\" srcset=\"https:\/\/zd-crnomelj.si\/ckz\/wp-content\/uploads\/sites\/3\/2023\/06\/Polet-3.7.-2.-skrb-za-dusevno-zdravje-17022021-1180x520-300x132.png 300w, https:\/\/zd-crnomelj.si\/ckz\/wp-content\/uploads\/sites\/3\/2023\/06\/Polet-3.7.-2.-skrb-za-dusevno-zdravje-17022021-1180x520-768x338.png 768w, https:\/\/zd-crnomelj.si\/ckz\/wp-content\/uploads\/sites\/3\/2023\/06\/Polet-3.7.-2.-skrb-za-dusevno-zdravje-17022021-1180x520-1024x451.png 1024w, https:\/\/zd-crnomelj.si\/ckz\/wp-content\/uploads\/sites\/3\/2023\/06\/Polet-3.7.-2.-skrb-za-dusevno-zdravje-17022021-1180x520.png 1180w\" sizes=\"auto, (max-width: 300px) 100vw, 300px\" \/><\/p>\n","protected":false},"excerpt":{"rendered":"<p>Du\u0161evno zdravje je klju\u010dni vidik na\u0161ega celostnega blagostanja. Vklju\u010duje na\u0161e \u010dustveno, psiholo\u0161ko in socialno dobro po\u010dutje. Biti du\u0161evno zdrav pomeni imeti zdrave misli, \u010dustva in obvladovati stres, vzpostavljati zadovoljujo\u010de odnose, imeti mo\u010dno samopodobo ter se spopadati z izzivi in te\u017eavami v \u017eivljenju.<\/p>\n","protected":false},"author":21,"featured_media":0,"parent":0,"menu_order":0,"comment_status":"closed","ping_status":"closed","template":"","meta":{"footnotes":""},"class_list":["post-1622","page","type-page","status-publish","hentry"],"_links":{"self":[{"href":"https:\/\/zd-crnomelj.si\/ckz\/wp-json\/wp\/v2\/pages\/1622","targetHints":{"allow":["GET"]}}],"collection":[{"href":"https:\/\/zd-crnomelj.si\/ckz\/wp-json\/wp\/v2\/pages"}],"about":[{"href":"https:\/\/zd-crnomelj.si\/ckz\/wp-json\/wp\/v2\/types\/page"}],"author":[{"embeddable":true,"href":"https:\/\/zd-crnomelj.si\/ckz\/wp-json\/wp\/v2\/users\/21"}],"replies":[{"embeddable":true,"href":"https:\/\/zd-crnomelj.si\/ckz\/wp-json\/wp\/v2\/comments?post=1622"}],"version-history":[{"count":2,"href":"https:\/\/zd-crnomelj.si\/ckz\/wp-json\/wp\/v2\/pages\/1622\/revisions"}],"predecessor-version":[{"id":1657,"href":"https:\/\/zd-crnomelj.si\/ckz\/wp-json\/wp\/v2\/pages\/1622\/revisions\/1657"}],"wp:attachment":[{"href":"https:\/\/zd-crnomelj.si\/ckz\/wp-json\/wp\/v2\/media?parent=1622"}],"curies":[{"name":"wp","href":"https:\/\/api.w.org\/{rel}","templated":true}]}}