{"id":1640,"date":"2023-06-27T11:57:16","date_gmt":"2023-06-27T09:57:16","guid":{"rendered":"https:\/\/zd-crnomelj.si\/zvc\/?page_id=1640"},"modified":"2023-11-27T13:17:24","modified_gmt":"2023-11-27T12:17:24","slug":"individualno-svetovanje-za-opuscanje-kajenja","status":"publish","type":"page","link":"https:\/\/zd-crnomelj.si\/ckz\/odrasli\/krepitev-zdravja\/individualno-svetovanje-za-opuscanje-kajenja\/","title":{"rendered":"DELAVNICA &#8211; Svetovanje za opu\u0161\u010danje kajenja"},"content":{"rendered":"<p>Program pomo\u010d pri opu\u0161\u010danju kajenja je namenjen vsem kadilcem, ki bi \u017eeleli dokon\u010dno prenehati ali zgolj zmanj\u0161ati \u0161tevilo pri\u017eganih cigaret. Posameznik se lahko odlo\u010di, da obiskuje skupinska ali individualna sre\u010danja. V skupini ali na individualnih sre\u010danjih boste dobili podporo, znanje, izku\u0161nje in motivacijo za spremembe.<\/p>\n<p>Delavnico vodi diplomirana medicinska sestra<\/p>\n<p style=\"text-align: center;\"><a href=\"https:\/\/zd-crnomelj.si\/zvc\/wp-content\/uploads\/sites\/3\/2023\/11\/Svetovanje-za-opu\u0161\u010danje-kajenja_CKZ_2019-50krat.pdf\">ZLO\u017dENKA &#8211; Svetovanje za opu\u0161\u010danje kajenja<\/a><\/p>\n","protected":false},"excerpt":{"rendered":"<p>Program pomo\u010d pri opu\u0161\u010danju kajenja je namenjen vsem kadilcem, ki bi \u017eeleli dokon\u010dno prenehati ali zgolj zmanj\u0161ati \u0161tevilo pri\u017eganih cigaret. Posameznik se lahko odlo\u010di, da obiskuje skupinska ali individualna sre\u010danja. V skupini ali na individualnih sre\u010danjih boste dobili podporo, znanje, izku\u0161nje in motivacijo za spremembe. Delavnico vodi diplomirana medicinska sestra ZLO\u017dENKA &#8211; Svetovanje za opu\u0161\u010danje [&hellip;]<\/p>\n","protected":false},"author":21,"featured_media":494,"parent":1663,"menu_order":0,"comment_status":"closed","ping_status":"closed","template":"","meta":{"footnotes":""},"class_list":["post-1640","page","type-page","status-publish","has-post-thumbnail","hentry"],"_links":{"self":[{"href":"https:\/\/zd-crnomelj.si\/ckz\/wp-json\/wp\/v2\/pages\/1640","targetHints":{"allow":["GET"]}}],"collection":[{"href":"https:\/\/zd-crnomelj.si\/ckz\/wp-json\/wp\/v2\/pages"}],"about":[{"href":"https:\/\/zd-crnomelj.si\/ckz\/wp-json\/wp\/v2\/types\/page"}],"author":[{"embeddable":true,"href":"https:\/\/zd-crnomelj.si\/ckz\/wp-json\/wp\/v2\/users\/21"}],"replies":[{"embeddable":true,"href":"https:\/\/zd-crnomelj.si\/ckz\/wp-json\/wp\/v2\/comments?post=1640"}],"version-history":[{"count":10,"href":"https:\/\/zd-crnomelj.si\/ckz\/wp-json\/wp\/v2\/pages\/1640\/revisions"}],"predecessor-version":[{"id":2212,"href":"https:\/\/zd-crnomelj.si\/ckz\/wp-json\/wp\/v2\/pages\/1640\/revisions\/2212"}],"up":[{"embeddable":true,"href":"https:\/\/zd-crnomelj.si\/ckz\/wp-json\/wp\/v2\/pages\/1663"}],"wp:featuredmedia":[{"embeddable":true,"href":"https:\/\/zd-crnomelj.si\/ckz\/wp-json\/wp\/v2\/media\/494"}],"wp:attachment":[{"href":"https:\/\/zd-crnomelj.si\/ckz\/wp-json\/wp\/v2\/media?parent=1640"}],"curies":[{"name":"wp","href":"https:\/\/api.w.org\/{rel}","templated":true}]}}