{"id":1643,"date":"2023-11-24T08:57:33","date_gmt":"2023-11-24T07:57:33","guid":{"rendered":"https:\/\/zd-crnomelj.si\/zvc\/?page_id=1643"},"modified":"2023-12-04T11:38:42","modified_gmt":"2023-12-04T10:38:42","slug":"zdravi-odnosi","status":"publish","type":"page","link":"https:\/\/zd-crnomelj.si\/ckz\/odrasli\/krepitev-zdravja\/zdravi-odnosi\/","title":{"rendered":"DELAVNICA &#8211; Zdravi odnosi"},"content":{"rendered":"<p>Delavnica Zdravi odnosi je namenjena odraslim posameznikom, ki se sre\u010dujejo z razli\u010dnimi izzivi na podro\u010dju medosebnih odnosov (nezadovoljstvo z njimi, te\u017eave z izra\u017eanjem lastnega mnenja ali s postavljanjem meja ipd.) ali bi se \u017eeleli opremiti z znanji in ve\u0161\u010dinami na podro\u010dju medosebnih odnosov. Delavnica zajema \u0161tiri 90-minutna sre\u010danja enkrat tedensko. V skupini je povpre\u010dno osem udele\u017eencev.<\/p>\n<p>Udele\u017eenci na delavnici preko razlage, vaj in razprave spoznajo naslednje vsebine:<\/p>\n<ul>\n<li>zakaj so pomembni dobri medosebni odnosi, kak\u0161no socialno mre\u017eo imajo in kak\u0161en odnosni stil,<\/li>\n<li>ozave\u0161\u010danje lastnega blagostanja in krepitev le-tega na podro\u010dju prijetnih \u010dustev, zavzetosti, fizi\u010dnega zdravja, odnosov, smisla in dose\u017ekov,<\/li>\n<li>stili komunikacije in razvijanje ve\u0161\u010din spo\u0161tljivega, asertivnega na\u010dina izra\u017eanja mnenj in \u017eelja,<\/li>\n<li>razlikovanje med skrbmi in problemi ter u\u010denje spretnosti re\u0161evanja problemov.<\/li>\n<\/ul>\n<p>Delavnico izvaja univerzitetna diplomirana psihologinja.<\/p>\n<p style=\"text-align: center;\"><a href=\"https:\/\/zd-crnomelj.si\/zvc\/wp-content\/uploads\/sites\/3\/2023\/12\/Zdravi-odnosi.pdf\"><em><span style=\"color: #008080; font-size: 14pt;\">ZLO\u017dENKA &#8211; Zdravi odnosi<\/span><\/em><\/a><\/p>\n","protected":false},"excerpt":{"rendered":"<p>Delavnica Zdravi odnosi je namenjena odraslim posameznikom, ki se sre\u010dujejo z razli\u010dnimi izzivi na podro\u010dju medosebnih odnosov (nezadovoljstvo z njimi, te\u017eave z izra\u017eanjem lastnega mnenja ali s postavljanjem meja ipd.) ali bi se \u017eeleli opremiti z znanji in ve\u0161\u010dinami na podro\u010dju medosebnih odnosov. Delavnica zajema \u0161tiri 90-minutna sre\u010danja enkrat tedensko. V skupini je povpre\u010dno osem [&hellip;]<\/p>\n","protected":false},"author":21,"featured_media":0,"parent":1663,"menu_order":0,"comment_status":"closed","ping_status":"closed","template":"","meta":{"footnotes":""},"class_list":["post-1643","page","type-page","status-publish","hentry"],"_links":{"self":[{"href":"https:\/\/zd-crnomelj.si\/ckz\/wp-json\/wp\/v2\/pages\/1643","targetHints":{"allow":["GET"]}}],"collection":[{"href":"https:\/\/zd-crnomelj.si\/ckz\/wp-json\/wp\/v2\/pages"}],"about":[{"href":"https:\/\/zd-crnomelj.si\/ckz\/wp-json\/wp\/v2\/types\/page"}],"author":[{"embeddable":true,"href":"https:\/\/zd-crnomelj.si\/ckz\/wp-json\/wp\/v2\/users\/21"}],"replies":[{"embeddable":true,"href":"https:\/\/zd-crnomelj.si\/ckz\/wp-json\/wp\/v2\/comments?post=1643"}],"version-history":[{"count":6,"href":"https:\/\/zd-crnomelj.si\/ckz\/wp-json\/wp\/v2\/pages\/1643\/revisions"}],"predecessor-version":[{"id":2326,"href":"https:\/\/zd-crnomelj.si\/ckz\/wp-json\/wp\/v2\/pages\/1643\/revisions\/2326"}],"up":[{"embeddable":true,"href":"https:\/\/zd-crnomelj.si\/ckz\/wp-json\/wp\/v2\/pages\/1663"}],"wp:attachment":[{"href":"https:\/\/zd-crnomelj.si\/ckz\/wp-json\/wp\/v2\/media?parent=1643"}],"curies":[{"name":"wp","href":"https:\/\/api.w.org\/{rel}","templated":true}]}}