{"id":18,"date":"2023-11-17T13:24:25","date_gmt":"2023-11-17T12:24:25","guid":{"rendered":"https:\/\/zd-crnomelj.si\/zvc\/?page_id=18"},"modified":"2025-04-23T09:14:37","modified_gmt":"2025-04-23T07:14:37","slug":"pedagoska-vzgoja","status":"publish","type":"page","link":"https:\/\/zd-crnomelj.si\/ckz\/otroci-in-mladostniki\/pedagoska-vzgoja\/","title":{"rendered":"Pred\u0161olska vzgoja"},"content":{"rendered":"<p><span style=\"font-size: 14pt;\"><strong>PRED\u0160OLSKI OTROCI<\/strong><\/span><\/p>\n<p>V otro\u0161tvu in mladostni\u0161tvu poteka intenzivni telesni, du\u0161evni in socialni razvoj. Spoznanje, da je zdrave \u017eivljenjske navade la\u017eje privzgojiti in prepre\u010diti \u0161kodljive navade, kot pa ukrepati, ko postanejo razvade \u017ee ustaljene, nam narekuje potrebo po izvajanju programirane vzgoje za zdravje in vzgoje za ustno zdravje.<\/p>\n<p><strong>Ponudba zdravstveno-vzgojnih delavnic v vrtcih:<\/strong><\/p>\n<p>&#8211;\u00a0 \u00a0Kdo je medicinska sestra in zdravnik?<br \/>&#8211;\u00a0 \u00a0Poglej in spoznaj \u010dlove\u0161ko telo.<br \/>&#8211;\u00a0 \u00a0Spoznajmo sadje in zelenjavo.<br \/>&#8211;\u00a0 \u00a0Koristne navade za zdravo \u017eivljenje.<br \/>&#8211;\u00a0 \u00a0Znam skrbeti za svoje zdravje.<br \/>&#8211;\u00a0 Au, boli! Prepre\u010devanje po\u0161kodb pri otrocih.<br \/>&#8211;\u00a0 Zdravo na soncu.<br \/>&#8211;\u00a0 Gibalna mala \u0161ola.<\/p>\n<p>\u00a0<\/p>\n<p><strong>Vzgoja za ustno zdravje v vrtcih:<\/strong><\/p>\n<p>&#8211;\u00a0 Dnevnik umivanja zob.<br \/>&#8211;\u00a0 \u00a0Mese\u010dno \u0161\u010detkanje zob z Lili in Pikom.<br \/>&#8211;\u00a0 \u00a0Obisk zobozdravstvene ambulante.<br \/>&#8211;\u00a0 \u00a0Vzgoja za ustno zdravje \u2013 predavanje za star\u0161e.<\/p>\n<p style=\"text-align: center;\"><span style=\"font-size: 14pt;\"><a href=\"https:\/\/zd-crnomelj.si\/zvc\/wp-content\/uploads\/sites\/3\/2025\/01\/Predstavitvena-knji\u017eica-Pred\u0161olska-vzgoja.pdf\">Predstavitvena knji\u017eica pred\u0161olska vzgoja<\/a><\/span><\/p>\n<p style=\"text-align: center;\"><span style=\"font-size: 14pt;\"><a href=\"https:\/\/zd-crnomelj.si\/zvc\/wp-content\/uploads\/sites\/3\/2025\/01\/Lili-in-Piko-predstavitvena-knji\u017eica.pdf\">Lili in Piko &#8211; predstavitvena knji\u017eica<\/a><\/span><\/p>\n<p>\u00a0<\/p>\n","protected":false},"excerpt":{"rendered":"<p>PRED\u0160OLSKI OTROCI V otro\u0161tvu in mladostni\u0161tvu poteka intenzivni telesni, du\u0161evni in socialni razvoj. Spoznanje, da je zdrave \u017eivljenjske navade la\u017eje privzgojiti in prepre\u010diti \u0161kodljive navade, kot pa ukrepati, ko postanejo razvade \u017ee ustaljene, nam narekuje potrebo po izvajanju programirane vzgoje za zdravje in vzgoje za ustno zdravje. Ponudba zdravstveno-vzgojnih delavnic v vrtcih: &#8211;\u00a0 \u00a0Kdo je [&hellip;]<\/p>\n","protected":false},"author":2,"featured_media":1808,"parent":1455,"menu_order":0,"comment_status":"closed","ping_status":"closed","template":"","meta":{"footnotes":""},"class_list":["post-18","page","type-page","status-publish","has-post-thumbnail","hentry"],"_links":{"self":[{"href":"https:\/\/zd-crnomelj.si\/ckz\/wp-json\/wp\/v2\/pages\/18","targetHints":{"allow":["GET"]}}],"collection":[{"href":"https:\/\/zd-crnomelj.si\/ckz\/wp-json\/wp\/v2\/pages"}],"about":[{"href":"https:\/\/zd-crnomelj.si\/ckz\/wp-json\/wp\/v2\/types\/page"}],"author":[{"embeddable":true,"href":"https:\/\/zd-crnomelj.si\/ckz\/wp-json\/wp\/v2\/users\/2"}],"replies":[{"embeddable":true,"href":"https:\/\/zd-crnomelj.si\/ckz\/wp-json\/wp\/v2\/comments?post=18"}],"version-history":[{"count":32,"href":"https:\/\/zd-crnomelj.si\/ckz\/wp-json\/wp\/v2\/pages\/18\/revisions"}],"predecessor-version":[{"id":2572,"href":"https:\/\/zd-crnomelj.si\/ckz\/wp-json\/wp\/v2\/pages\/18\/revisions\/2572"}],"up":[{"embeddable":true,"href":"https:\/\/zd-crnomelj.si\/ckz\/wp-json\/wp\/v2\/pages\/1455"}],"wp:featuredmedia":[{"embeddable":true,"href":"https:\/\/zd-crnomelj.si\/ckz\/wp-json\/wp\/v2\/media\/1808"}],"wp:attachment":[{"href":"https:\/\/zd-crnomelj.si\/ckz\/wp-json\/wp\/v2\/media?parent=18"}],"curies":[{"name":"wp","href":"https:\/\/api.w.org\/{rel}","templated":true}]}}