{"id":20,"date":"2023-11-17T13:25:30","date_gmt":"2023-11-17T12:25:30","guid":{"rendered":"https:\/\/zd-crnomelj.si\/zvc\/?page_id=20"},"modified":"2025-04-23T09:15:55","modified_gmt":"2025-04-23T07:15:55","slug":"osnovna-sola","status":"publish","type":"page","link":"https:\/\/zd-crnomelj.si\/ckz\/otroci-in-mladostniki\/osnovna-sola\/","title":{"rendered":"Osnovna \u0161ola"},"content":{"rendered":"<div dir=\"auto\">\n<p>Osnovno\u0161olske vsebine zdravstvene vzgoje so poenotene na slovenskem nivoju in predpisane s strani Nacionalnega in\u0161tituta za javno zdravje. V osnovne \u0161ole se vklju\u010dujemo v izvedbo razli\u010dnih naravoslovnih in tehni\u0161kih dni ter drugih dogodkov in projektov. Celoten \u0161olski dan lahko izpolnimo s kombinacijo zdravstvene vzgoje in vzgoje za ustno zdravje.<\/p>\n<p><span style=\"text-decoration: underline;\"><span style=\"font-size: 14pt;\"><strong>Obvezne vsebine vzgoje za zdravje za osnovne \u0161ole:<\/strong><\/span><\/span><\/p>\n<ol>\n<li>razred: Zdrave navade<\/li>\n<li>razred: Osebna higiena<\/li>\n<li>razred: Zdrav na\u010din \u017eivljenja<\/li>\n<li>razred: Prepre\u010devanje po\u0161kodb<\/li>\n<li>razred: Zasvojenost<\/li>\n<li>razred: Odra\u0161\u010danje<\/li>\n<li>razred: Pozitivna samopodoba in stres<\/li>\n<li>razred: Medosebni odnosi<\/li>\n<li>razred: Vzgoja za zdravo spolnost<\/li>\n<\/ol>\n<p><span style=\"text-decoration: underline;\"><span style=\"font-size: 14pt;\"><strong>Dodatne vsebine vzgoje za zdravje za osnovne \u0161ole:<\/strong><\/span><\/span><\/p>\n<table style=\"width: 407.632px; margin-left: 60px;\">\n<tbody>\n<tr>\n<td style=\"width: 409.632px;\">\n<ul>\n<li><span style=\"color: #000000;\">Temeljni postopki o\u017eivljanja z uporabo AED.<\/span><\/li>\n<li><span style=\"color: #000000;\">Vitaminski mesec.<\/span><\/li>\n<li><span style=\"color: #000000;\">Aktivni odmor.<\/span><\/li>\n<li><span style=\"color: #000000;\">Moja prebavna pot.<\/span><\/li>\n<\/ul>\n<\/td>\n<\/tr>\n<\/tbody>\n<\/table>\n<p><span style=\"text-decoration: underline;\"><span style=\"font-size: 14pt;\"><strong>Vzgoja za ustno zdravje v osnovnih \u0161olah:<\/strong><\/span><\/span><\/p>\n<p style=\"padding-left: 30px;\">1.razred: Mali zobki delajo veliko delo + mese\u010dno \u0161\u010detkanje zob<br \/>\n2.razred: Zobkovadba<br \/>\n3.razred: Mle\u010dni in stalni zobje<br \/>\n4.razred: Izra\u0161\u010danje, naloge in nega zob<br \/>\n5.razred: Prva pomo\u010d pri po\u0161kodbi zob<br \/>\n6.razred: Razvojne nepravilnosti zob<br \/>\n7.razred: Zgradba zob<br \/>\n8.razred: Zdrave dlesni in zdravi zobje<br \/>\n9.razred: Kajenje in ustno zdravje<br \/>\n2.\u2013 5. razred: Tekmovanje za \u010diste zobe ob zdravi prehrani<\/p>\n<p><span style=\"text-decoration: underline;\"><span style=\"font-size: 14pt;\"><strong>Vsebine ob roditeljskih sestankih:<\/strong><\/span><\/span><\/p>\n<table style=\"width: 487.648px; margin-left: 60px;\">\n<tbody>\n<tr>\n<td style=\"width: 473.648px;\">\n<ul>\n<li><span style=\"color: #000000;\">Vzgoja za ustno zdravje.<\/span><\/li>\n<li><span style=\"color: #000000;\">Zdrave navade za osnovno\u0161olce.<\/span><\/li>\n<li><span style=\"color: #000000;\">Priporo\u010dila za uporabo zaslonov pri otrocih in mladostnikih.<\/span><\/li>\n<\/ul>\n<\/td>\n<\/tr>\n<\/tbody>\n<\/table>\n<p><span style=\"text-decoration: underline;\"><span style=\"font-size: 14pt;\"><strong>Dru\u017einska obravnava za zdrav \u017eivljenjski slog:<\/strong><\/span><\/span><\/p>\n<p>Dru\u017einska obravnava za zdrav \u017eivljenjski slog\u00a0je namenjena \u010dezmerno hranjenim ter telesno manj zmogljivim otrokom ter njihovim dru\u017einam.<br \/>\nUdele\u017eenci v programu pridobijo prakti\u010dna znanja in ve\u0161\u010dine za\u00a0<strong>postopno spreminjanje prehranskih in gibalnih navad<\/strong>\u00a0ter\u00a0<strong>psiholo\u0161ko podporo<\/strong>\u00a0v procesu vzdr\u017eevanja zdravega \u017eivljenjskega sloga.<\/p>\n<p><em><strong>Program obsega:<\/strong><\/em><\/p>\n<table style=\"height: 56px; width: 650.059px; margin-left: 60px;\">\n<tbody>\n<tr>\n<td style=\"width: 635.059px;\">\n<ul>\n<li><span style=\"color: #000000;\">10 skupinskih sre\u010danj v obliki delavnic, ki jih vodijo dietetik, psiholog in kineziolog<\/span><\/li>\n<li><span style=\"color: #000000;\">kontrolne preglede pri pediatru,<\/span><\/li>\n<li><span style=\"color: #000000;\">individualni posvet pri dietetiku\/kineziologu\/psihologu.<\/span><\/li>\n<\/ul>\n<\/td>\n<\/tr>\n<\/tbody>\n<\/table>\n<p><strong><em>Program izvajajo:<\/em><br \/>\n<\/strong><\/p>\n<table style=\"height: 71px; margin-left: 60px; width: 358.08px;\">\n<tbody>\n<tr>\n<td style=\"width: 349.08px;\">\n<ul>\n<li><span style=\"color: #000000;\">pediater<\/span><\/li>\n<li><span style=\"color: #000000;\">diplomirana medicinska sestra<\/span><\/li>\n<li><span style=\"color: #000000;\">kineziolog<\/span><\/li>\n<li><span style=\"color: #000000;\">dietetik<\/span><\/li>\n<li><span style=\"color: #000000;\">psiholog<\/span><\/li>\n<\/ul>\n<\/td>\n<\/tr>\n<\/tbody>\n<\/table>\n<p><em><strong>V program se lahko vklju\u010dijo:<br \/>\n<\/strong><\/em><\/p>\n<table style=\"height: 71px; width: 607.125px; margin-left: 60px;\">\n<tbody>\n<tr>\n<td style=\"width: 599.125px;\">\n<ul>\n<li><span style=\"color: #000000;\">u\u010denci 4. in 6. razredov, ki so na sistematskem pregledu zaznani kot ogro\u017eeni<\/span><\/li>\n<li><span style=\"color: #000000;\">u\u010denci drugih razredov, \u010de sami in\/ali njihovi star\u0161i to \u017eelijo<\/span><\/li>\n<\/ul>\n<\/td>\n<\/tr>\n<\/tbody>\n<\/table>\n<p><em><strong>\u00a0<\/strong><\/em>Po zaklju\u010dku delavnice sledi enoletni\u00a0<strong>vzdr\u017eevalni program.<br \/>\n<\/strong><a href=\"https:\/\/zd-crnomelj.si\/zvc\/wp-content\/uploads\/sites\/3\/2023\/11\/Letak-Dru\u017einska-obravnava-za-zdrav-\u017eivljenski-slog.pdf\">Letak &#8211; Dru\u017einska obravnava za zdrav \u017eivljenjski slog<\/a><strong><br \/>\n<\/strong><\/p>\n<\/div>\n<div dir=\"auto\"><\/div>\n<div dir=\"auto\" style=\"text-align: center;\">*************************<\/div>\n<div dir=\"auto\"><\/div>\n<div dir=\"auto\" style=\"text-align: center;\"><span style=\"font-size: 14pt;\"><a href=\"https:\/\/zd-crnomelj.si\/zvc\/wp-content\/uploads\/sites\/3\/2025\/01\/Predstavitvena-knji\u017eica-O\u0160.pdf\">Predstavitvena knji\u017eica O\u0160<\/a><\/span><\/div>\n<div dir=\"auto\"><\/div>\n<div dir=\"auto\"><img loading=\"lazy\" decoding=\"async\" class=\"aligncenter size-full wp-image-2524\" src=\"https:\/\/zd-crnomelj.si\/zvc\/wp-content\/uploads\/sites\/3\/2025\/01\/\u0161olarji.jpg\" alt=\"\" width=\"300\" height=\"168\" \/><\/div>\n<div dir=\"auto\"><\/div>\n","protected":false},"excerpt":{"rendered":"<p>Osnovno\u0161olske vsebine zdravstvene vzgoje so poenotene na slovenskem nivoju in predpisane s strani Nacionalnega in\u0161tituta za javno zdravje. V osnovne \u0161ole se vklju\u010dujemo v izvedbo razli\u010dnih naravoslovnih in tehni\u0161kih dni ter drugih dogodkov in projektov. Celoten \u0161olski dan lahko izpolnimo s kombinacijo zdravstvene vzgoje in vzgoje za ustno zdravje. Obvezne vsebine vzgoje za zdravje za [&hellip;]<\/p>\n","protected":false},"author":2,"featured_media":1807,"parent":1455,"menu_order":0,"comment_status":"closed","ping_status":"closed","template":"","meta":{"footnotes":""},"class_list":["post-20","page","type-page","status-publish","has-post-thumbnail","hentry"],"_links":{"self":[{"href":"https:\/\/zd-crnomelj.si\/ckz\/wp-json\/wp\/v2\/pages\/20","targetHints":{"allow":["GET"]}}],"collection":[{"href":"https:\/\/zd-crnomelj.si\/ckz\/wp-json\/wp\/v2\/pages"}],"about":[{"href":"https:\/\/zd-crnomelj.si\/ckz\/wp-json\/wp\/v2\/types\/page"}],"author":[{"embeddable":true,"href":"https:\/\/zd-crnomelj.si\/ckz\/wp-json\/wp\/v2\/users\/2"}],"replies":[{"embeddable":true,"href":"https:\/\/zd-crnomelj.si\/ckz\/wp-json\/wp\/v2\/comments?post=20"}],"version-history":[{"count":45,"href":"https:\/\/zd-crnomelj.si\/ckz\/wp-json\/wp\/v2\/pages\/20\/revisions"}],"predecessor-version":[{"id":2573,"href":"https:\/\/zd-crnomelj.si\/ckz\/wp-json\/wp\/v2\/pages\/20\/revisions\/2573"}],"up":[{"embeddable":true,"href":"https:\/\/zd-crnomelj.si\/ckz\/wp-json\/wp\/v2\/pages\/1455"}],"wp:featuredmedia":[{"embeddable":true,"href":"https:\/\/zd-crnomelj.si\/ckz\/wp-json\/wp\/v2\/media\/1807"}],"wp:attachment":[{"href":"https:\/\/zd-crnomelj.si\/ckz\/wp-json\/wp\/v2\/media?parent=20"}],"curies":[{"name":"wp","href":"https:\/\/api.w.org\/{rel}","templated":true}]}}