{"id":2096,"date":"2023-11-27T13:50:14","date_gmt":"2023-11-27T12:50:14","guid":{"rendered":"https:\/\/zd-crnomelj.si\/zvc\/?page_id=2096"},"modified":"2025-04-23T11:08:29","modified_gmt":"2025-04-23T09:08:29","slug":"kazalo","status":"publish","type":"page","link":"https:\/\/zd-crnomelj.si\/ckz\/kazalo\/","title":{"rendered":"KAZALO"},"content":{"rendered":"<p><span style=\"font-size: 14pt;\"><a href=\"https:\/\/zd-crnomelj.si\/zvc\/predstavitev\/\">Predstavitev<\/a><\/span><\/p>\n<p style=\"padding-left: 30px;\"><a href=\"https:\/\/zd-crnomelj.si\/ckz\/predstavitev\/kontakti\/\">Kontakti<\/a><br \/>\n<a href=\"https:\/\/zd-crnomelj.si\/zvc\/predstavitev\/kako-do-nas\/\">Kako do nas?<\/a><\/p>\n<p><a href=\"https:\/\/zd-crnomelj.si\/ckz\/odrasli\/\"><span style=\"font-size: 14pt;\">Odrasli<\/span><\/a><\/p>\n<p style=\"padding-left: 40px;\"><a href=\"https:\/\/zd-crnomelj.si\/ckz\/odrasli\/lokalna-skupnost\/\">Lokalna skupnost<\/a><br \/>\n<a style=\"font-size: revert;\" href=\"https:\/\/zd-crnomelj.si\/ckz\/odrasli\/svit-individualni-posveti\/\">Svit podpora<\/a><br \/>\n<a style=\"font-size: revert;\" href=\"https:\/\/zd-crnomelj.si\/ckz\/odrasli\/krepitev-zdravja\/\">Delavnice za odrasle<\/a><\/p>\n<p style=\"padding-left: 40px;\"><a style=\"font-size: revert;\" href=\"https:\/\/zd-crnomelj.si\/ckz\/urnik-delavnic-4\/\">Urnik delavnic<\/a><\/p>\n<p style=\"padding-left: 120px;\"><a href=\"https:\/\/zd-crnomelj.si\/ckz\/odrasli\/krepitev-zdravja\/zdravo-jem\/\">Zdravo jem<\/a><br \/>\n<a href=\"https:\/\/zd-crnomelj.si\/ckz\/odrasli\/krepitev-zdravja\/zdravo-hujsanje\/\">Zdravo huj\u0161anje<\/a><br \/>\n<a href=\"https:\/\/zd-crnomelj.si\/ckz\/zvisane-mascobe-v-krvi\/\">Zvi\u0161ane ma\u0161\u010dobe v krvi<\/a><br \/>\n<a href=\"https:\/\/zd-crnomelj.si\/ckz\/odrasli\/krepitev-zdravja\/zvisan-krvni-tlak\/\">Zvi\u0161an krvni tlak<\/a><br \/>\n<a href=\"https:\/\/zd-crnomelj.si\/ckz\/odrasli\/krepitev-zdravja\/individualno-svetovanje-za-opuscanje-kajenja\/\">Opustitev kajenja<\/a><br \/>\n<a href=\"https:\/\/zd-crnomelj.si\/ckz\/odrasli\/krepitev-zdravja\/gibam-se-2\/\">Gibam se<\/a><br \/>\n<a href=\"https:\/\/zd-crnomelj.si\/ckz\/test-telesne-pripravljenosti\/\">Test telesne pripravljenosti<\/a><br \/>\n<a href=\"https:\/\/zd-crnomelj.si\/ckz\/odrasli\/krepitev-zdravja\/ali-sem-fit\/\">Ali sem fit?<\/a><br \/>\n<a href=\"https:\/\/zd-crnomelj.si\/ckz\/odrasli\/krepitev-zdravja\/delavnica-presejanje-za-funkcijsko-manjzmoznost\/\">Presejanje za funkcijo manjzmo\u017enosti<\/a><br \/>\n<a href=\"https:\/\/zd-crnomelj.si\/ckz\/odrasli\/krepitev-zdravja\/s-sladkorno-boleznijo-skozi-zivljenje\/\">S sladkorno boleznijo skozi \u017eivljenje<\/a><br \/>\n<a style=\"font-size: revert;\" href=\"https:\/\/zd-crnomelj.si\/ckz\/odrasli\/krepitev-zdravja\/s-sladkorno-boleznijo-skozi-zivljenje\/\">Sladkorna bolezen tipa II<\/a><br \/>\n<a href=\"https:\/\/zd-crnomelj.si\/ckz\/odrasli\/krepitev-zdravja\/delavnica-zvisan-krvni-sladkor\/\">Zvi\u0161an krvni sladkor<\/a><br \/>\n<a href=\"https:\/\/zd-crnomelj.si\/ckz\/odrasli\/krepitev-zdravja\/tehnike-sproscanja\/\">Tehnike spro\u0161\u010danja<\/a><br \/>\n<a href=\"https:\/\/zd-crnomelj.si\/ckz\/odrasli\/krepitev-zdravja\/podpora-pri-spopadanju-s-tesnobo\/\">Podpora pri spoprijemanju z tesnobo<\/a><br \/>\n<a href=\"https:\/\/zd-crnomelj.si\/ckz\/odrasli\/krepitev-zdravja\/podpora-s-spopadanjem-s-stresom\/\">Podpora pri spoprijemanju s stresom<\/a><br \/>\n<a href=\"https:\/\/zd-crnomelj.si\/ckz\/odrasli\/krepitev-zdravja\/podpora-s-spopadanjem-z-depresijo\/\">Podpora pri spoprijemanju z depresijo<\/a><br \/>\n<a href=\"https:\/\/zd-crnomelj.si\/ckz\/odrasli\/krepitev-zdravja\/zdravi-odnosi\/\">Zdravi odnosi<\/a><\/p>\n<p style=\"padding-left: 40px;\"><a style=\"font-size: revert;\" href=\"https:\/\/zd-crnomelj.si\/ckz\/odrasli\/nordijska-hoja\/\">Nordijska hoja<\/a><\/p>\n<p><a href=\"https:\/\/zd-crnomelj.si\/ckz\/individualni-posveti\/\"><span style=\"font-size: 14pt;\">Individualni posveti<\/span><\/a><\/p>\n<p><a href=\"https:\/\/zd-crnomelj.si\/ckz\/nosecnice-in-starsi\/\"><span style=\"font-size: 14pt;\">Nose\u010dnice in star\u0161i<\/span><\/a><\/p>\n<ul>\n<li><a href=\"https:\/\/zd-crnomelj.si\/ckz\/nosecnice-in-starsi\/vadba\/\">Varna vadba<\/a><\/li>\n<\/ul>\n<p><a href=\"https:\/\/zd-crnomelj.si\/ckz\/otroci-in-mladostniki\/\"><span style=\"font-size: 14pt;\">Otroci, mladostniki in dru\u017eine<\/span><\/a><\/p>\n<ul>\n<li><a href=\"https:\/\/zd-crnomelj.si\/ckz\/otroci-in-mladostniki\/pedagoska-vzgoja\/\">Pred\u0161olska vzgoja<\/a><\/li>\n<li><a href=\"https:\/\/zd-crnomelj.si\/ckz\/otroci-in-mladostniki\/osnovna-sola\/\">Osnovna \u0161ola<\/a><\/li>\n<li><a href=\"https:\/\/zd-crnomelj.si\/ckz\/otroci-in-mladostniki\/srednja-sola\/\">Srednja \u0161ola<\/a><\/li>\n<\/ul>\n<p><a href=\"https:\/\/zd-crnomelj.si\/ckz\/vadbe\/\"><span style=\"font-size: 14pt;\">Vadbe<\/span><\/a><\/p>\n<ul>\n<li><a href=\"https:\/\/zd-crnomelj.si\/ckz\/vadbe\/zdrava-vadba-abc\/\">Zdrava vadba ABC<\/a><\/li>\n<li><a href=\"https:\/\/zd-crnomelj.si\/ckz\/vadbe\/zdrava-vadba-abc\/\">za osteoporozo<\/a><\/li>\n<li><a href=\"https:\/\/zd-crnomelj.si\/ckz\/vadbe\/vadba-za-zdravo-hrbtenico\/\">za zdravo hrbtenico<\/a><\/li>\n<li><a href=\"https:\/\/zd-crnomelj.si\/ckz\/vadbe\/vadba-na-trim-stezi-vrazji-kamen\/\">na trim stezi Vra\u017eji kamen<\/a><\/li>\n<\/ul>\n<p><a href=\"https:\/\/zd-crnomelj.si\/ckz\/dogodki\/\"><span style=\"font-size: 14pt;\">Dogodki<\/span><\/a><\/p>\n","protected":false},"excerpt":{"rendered":"<p>Predstavitev Kontakti Kako do nas? Odrasli Lokalna skupnost Svit podpora Delavnice za odrasle Urnik delavnic Zdravo jem Zdravo huj\u0161anje Zvi\u0161ane ma\u0161\u010dobe v krvi Zvi\u0161an krvni tlak Opustitev kajenja Gibam se Test telesne pripravljenosti Ali sem fit? Presejanje za funkcijo manjzmo\u017enosti S sladkorno boleznijo skozi \u017eivljenje Sladkorna bolezen tipa II Zvi\u0161an krvni sladkor Tehnike spro\u0161\u010danja Podpora [&hellip;]<\/p>\n","protected":false},"author":17,"featured_media":0,"parent":0,"menu_order":0,"comment_status":"closed","ping_status":"closed","template":"template-fullwidth.php","meta":{"footnotes":""},"class_list":["post-2096","page","type-page","status-publish","hentry"],"_links":{"self":[{"href":"https:\/\/zd-crnomelj.si\/ckz\/wp-json\/wp\/v2\/pages\/2096","targetHints":{"allow":["GET"]}}],"collection":[{"href":"https:\/\/zd-crnomelj.si\/ckz\/wp-json\/wp\/v2\/pages"}],"about":[{"href":"https:\/\/zd-crnomelj.si\/ckz\/wp-json\/wp\/v2\/types\/page"}],"author":[{"embeddable":true,"href":"https:\/\/zd-crnomelj.si\/ckz\/wp-json\/wp\/v2\/users\/17"}],"replies":[{"embeddable":true,"href":"https:\/\/zd-crnomelj.si\/ckz\/wp-json\/wp\/v2\/comments?post=2096"}],"version-history":[{"count":36,"href":"https:\/\/zd-crnomelj.si\/ckz\/wp-json\/wp\/v2\/pages\/2096\/revisions"}],"predecessor-version":[{"id":2604,"href":"https:\/\/zd-crnomelj.si\/ckz\/wp-json\/wp\/v2\/pages\/2096\/revisions\/2604"}],"wp:attachment":[{"href":"https:\/\/zd-crnomelj.si\/ckz\/wp-json\/wp\/v2\/media?parent=2096"}],"curies":[{"name":"wp","href":"https:\/\/api.w.org\/{rel}","templated":true}]}}