{"id":2179,"date":"2023-11-27T08:10:12","date_gmt":"2023-11-27T07:10:12","guid":{"rendered":"https:\/\/zd-crnomelj.si\/zvc\/?page_id=2179"},"modified":"2023-11-27T09:23:38","modified_gmt":"2023-11-27T08:23:38","slug":"delavnica-zvisan-krvni-sladkor","status":"publish","type":"page","link":"https:\/\/zd-crnomelj.si\/ckz\/odrasli\/krepitev-zdravja\/delavnica-zvisan-krvni-sladkor\/","title":{"rendered":"DELAVNICA \u2013 Zvi\u0161an krvni sladkor"},"content":{"rendered":"<p>Zajema enkratno sre\u010danje po 90 minut. Delavnica je namenjena odraslim osebam z mejno bazalno glikemijo in moteno toleranco za glukozo. Udele\u017eenci pridobijo najpomembnej\u0161e informacije in navodila, kako ravnati, da bi se sladkorna bolezen tipa 2 pojavila \u010dim pozneje. Delavnico vodi medicinska sestra.<\/p>\n<p style=\"text-align: center;\"><a href=\"https:\/\/zd-crnomelj.si\/zvc\/wp-content\/uploads\/sites\/3\/2023\/11\/Dejavniki-tveganja_CKZ_2019.pdf\">ZLO\u017dENKA\u00a0 Dejavniki tveganja<\/a><\/p>\n","protected":false},"excerpt":{"rendered":"<p>Zajema enkratno sre\u010danje po 90 minut. Delavnica je namenjena odraslim osebam z mejno bazalno glikemijo in moteno toleranco za glukozo. Udele\u017eenci pridobijo najpomembnej\u0161e informacije in navodila, kako ravnati, da bi se sladkorna bolezen tipa 2 pojavila \u010dim pozneje. Delavnico vodi medicinska sestra. ZLO\u017dENKA\u00a0 Dejavniki tveganja<\/p>\n","protected":false},"author":17,"featured_media":83,"parent":1663,"menu_order":0,"comment_status":"closed","ping_status":"closed","template":"","meta":{"footnotes":""},"class_list":["post-2179","page","type-page","status-publish","has-post-thumbnail","hentry"],"_links":{"self":[{"href":"https:\/\/zd-crnomelj.si\/ckz\/wp-json\/wp\/v2\/pages\/2179","targetHints":{"allow":["GET"]}}],"collection":[{"href":"https:\/\/zd-crnomelj.si\/ckz\/wp-json\/wp\/v2\/pages"}],"about":[{"href":"https:\/\/zd-crnomelj.si\/ckz\/wp-json\/wp\/v2\/types\/page"}],"author":[{"embeddable":true,"href":"https:\/\/zd-crnomelj.si\/ckz\/wp-json\/wp\/v2\/users\/17"}],"replies":[{"embeddable":true,"href":"https:\/\/zd-crnomelj.si\/ckz\/wp-json\/wp\/v2\/comments?post=2179"}],"version-history":[{"count":2,"href":"https:\/\/zd-crnomelj.si\/ckz\/wp-json\/wp\/v2\/pages\/2179\/revisions"}],"predecessor-version":[{"id":2203,"href":"https:\/\/zd-crnomelj.si\/ckz\/wp-json\/wp\/v2\/pages\/2179\/revisions\/2203"}],"up":[{"embeddable":true,"href":"https:\/\/zd-crnomelj.si\/ckz\/wp-json\/wp\/v2\/pages\/1663"}],"wp:featuredmedia":[{"embeddable":true,"href":"https:\/\/zd-crnomelj.si\/ckz\/wp-json\/wp\/v2\/media\/83"}],"wp:attachment":[{"href":"https:\/\/zd-crnomelj.si\/ckz\/wp-json\/wp\/v2\/media?parent=2179"}],"curies":[{"name":"wp","href":"https:\/\/api.w.org\/{rel}","templated":true}]}}