{"id":22,"date":"2023-11-17T13:26:32","date_gmt":"2023-11-17T12:26:32","guid":{"rendered":"https:\/\/zd-crnomelj.si\/zvc\/?page_id=22"},"modified":"2025-01-23T09:54:13","modified_gmt":"2025-01-23T08:54:13","slug":"srednja-sola","status":"publish","type":"page","link":"https:\/\/zd-crnomelj.si\/ckz\/otroci-in-mladostniki\/srednja-sola\/","title":{"rendered":"Srednja \u0161ola"},"content":{"rendered":"<p><strong><span style=\"font-size: 14pt;\">SREDNJE\u0160OLCI<\/span><\/strong><\/p>\n<p>Vzgoja za zdravje in vzgoja za ustno zdravje sta \u0161e posebej pomembni v otro\u0161tvu in mladostni\u0161tvu, ko poteka intenzivni telesni, du\u0161evni in socialni razvoj. Spoznanje, da je zdrave \u017eivljenjske navade la\u017eje privzgojiti in prepre\u010diti \u0161kodljive navade, kot pa ukrepati, ko postanejo razvade \u017ee ustaljene, nam narekuje potrebo po vklju\u010devanju zdravstvenih delavcev tudi v srednje \u0161ole.<\/p>\n<p><strong>Vsebine vzgoje za zdravje za srednje \u0161ole:<\/strong><\/p>\n<p>1.letnik: Ko me strese stres<br \/>\n1.letnik: Temeljni postopki o\u017eivljanja z uporabo AED<br \/>\n2.letnik: Ustna higiena<br \/>\n2.letnik: Zdrava spolnost<br \/>\n3.letnik: Zdrav \u017eivljenjski slog mladostnika<br \/>\n3.letnik: Prepre\u010dimo raka<\/p>\n<p style=\"text-align: center;\"><span style=\"font-size: 14pt;\"><a href=\"https:\/\/zd-crnomelj.si\/zvc\/wp-content\/uploads\/sites\/3\/2025\/01\/Predstavitvena-knji\u017eica-S\u0160.pdf\">Predstavitvena knji\u017eica S\u0160<\/a><\/span><\/p>\n<p><a href=\"https:\/\/zd-crnomelj.si\/zvc\/wp-content\/uploads\/sites\/3\/2023\/11\/Predstavitvena-knji\u017eica-S\u0160-2023-24.pdf\"><img loading=\"lazy\" decoding=\"async\" class=\"aligncenter wp-image-60\" src=\"https:\/\/zd-crnomelj.si\/zvc\/wp-content\/uploads\/sites\/3\/2017\/09\/ZVINZZVPOTROK_ss-1024x683.jpg\" alt=\"\" width=\"589\" height=\"393\" srcset=\"https:\/\/zd-crnomelj.si\/ckz\/wp-content\/uploads\/sites\/3\/2017\/09\/ZVINZZVPOTROK_ss-1024x683.jpg 1024w, https:\/\/zd-crnomelj.si\/ckz\/wp-content\/uploads\/sites\/3\/2017\/09\/ZVINZZVPOTROK_ss-300x200.jpg 300w, https:\/\/zd-crnomelj.si\/ckz\/wp-content\/uploads\/sites\/3\/2017\/09\/ZVINZZVPOTROK_ss-768x512.jpg 768w, https:\/\/zd-crnomelj.si\/ckz\/wp-content\/uploads\/sites\/3\/2017\/09\/ZVINZZVPOTROK_ss.jpg 1920w\" sizes=\"auto, (max-width: 589px) 100vw, 589px\" \/><\/a><\/p>\n","protected":false},"excerpt":{"rendered":"<p>SREDNJE\u0160OLCI Vzgoja za zdravje in vzgoja za ustno zdravje sta \u0161e posebej pomembni v otro\u0161tvu in mladostni\u0161tvu, ko poteka intenzivni telesni, du\u0161evni in socialni razvoj. Spoznanje, da je zdrave \u017eivljenjske navade la\u017eje privzgojiti in prepre\u010diti \u0161kodljive navade, kot pa ukrepati, ko postanejo razvade \u017ee ustaljene, nam narekuje potrebo po vklju\u010devanju zdravstvenih delavcev tudi v srednje [&hellip;]<\/p>\n","protected":false},"author":2,"featured_media":1799,"parent":1455,"menu_order":0,"comment_status":"closed","ping_status":"closed","template":"","meta":{"footnotes":""},"class_list":["post-22","page","type-page","status-publish","has-post-thumbnail","hentry"],"_links":{"self":[{"href":"https:\/\/zd-crnomelj.si\/ckz\/wp-json\/wp\/v2\/pages\/22","targetHints":{"allow":["GET"]}}],"collection":[{"href":"https:\/\/zd-crnomelj.si\/ckz\/wp-json\/wp\/v2\/pages"}],"about":[{"href":"https:\/\/zd-crnomelj.si\/ckz\/wp-json\/wp\/v2\/types\/page"}],"author":[{"embeddable":true,"href":"https:\/\/zd-crnomelj.si\/ckz\/wp-json\/wp\/v2\/users\/2"}],"replies":[{"embeddable":true,"href":"https:\/\/zd-crnomelj.si\/ckz\/wp-json\/wp\/v2\/comments?post=22"}],"version-history":[{"count":22,"href":"https:\/\/zd-crnomelj.si\/ckz\/wp-json\/wp\/v2\/pages\/22\/revisions"}],"predecessor-version":[{"id":2522,"href":"https:\/\/zd-crnomelj.si\/ckz\/wp-json\/wp\/v2\/pages\/22\/revisions\/2522"}],"up":[{"embeddable":true,"href":"https:\/\/zd-crnomelj.si\/ckz\/wp-json\/wp\/v2\/pages\/1455"}],"wp:featuredmedia":[{"embeddable":true,"href":"https:\/\/zd-crnomelj.si\/ckz\/wp-json\/wp\/v2\/media\/1799"}],"wp:attachment":[{"href":"https:\/\/zd-crnomelj.si\/ckz\/wp-json\/wp\/v2\/media?parent=22"}],"curies":[{"name":"wp","href":"https:\/\/api.w.org\/{rel}","templated":true}]}}