{"id":2275,"date":"2023-11-30T13:32:12","date_gmt":"2023-11-30T12:32:12","guid":{"rendered":"https:\/\/zd-crnomelj.si\/zvc\/?page_id=2275"},"modified":"2024-07-23T13:50:27","modified_gmt":"2024-07-23T11:50:27","slug":"vadbe","status":"publish","type":"page","link":"https:\/\/zd-crnomelj.si\/ckz\/vadbe\/","title":{"rendered":"Vadbe"},"content":{"rendered":"<p>Telesna dejavnost igra klju\u010dno vlogo v na\u0161em \u017eivljenju in je bistvenega pomena za ohranjanje in izbolj\u0161anje splo\u0161nega zdravja in dobrega po\u010dutja. Vklju\u010devanje v razli\u010dne oblike vadbe prina\u0161a \u0161tevilne koristi za telo in um ter pripomore k dalj\u0161emu in bolj kakovostnemu \u017eivljenju.<\/p>\n<ul>\n<li>Izbolj\u0161ana sr\u010dno-\u017eilna zdravje<\/li>\n<li>Pove\u010dana mi\u0161i\u010dna mo\u010d in vzdr\u017eljivost<\/li>\n<li>Izbolj\u0161ana gibljivost in ravnote\u017eje<\/li>\n<li>Prepre\u010devanje osteoporoze<\/li>\n<li>Zmanj\u0161anje stresa in anksioznosti<\/li>\n<li>Izbolj\u0161ana kakovost spanja<\/li>\n<li>Pove\u010dana samozavest in samopodoba<\/li>\n<li>Izbolj\u0161ane kognitivne funkcije<\/li>\n<\/ul>\n<p>Ne glede na starost je pomembno, da se vklju\u010dujemo v razli\u010dne oblike vadbe, ki ustrezajo na\u0161im sposobnostim in potrebam, ter tako skrbimo za svoje zdravje in dobro po\u010dutje.<\/p>\n","protected":false},"excerpt":{"rendered":"<p>Telesna dejavnost igra klju\u010dno vlogo v na\u0161em \u017eivljenju in je bistvenega pomena za ohranjanje in izbolj\u0161anje splo\u0161nega zdravja in dobrega po\u010dutja. Vklju\u010devanje v razli\u010dne oblike vadbe prina\u0161a \u0161tevilne koristi za telo in um ter pripomore k dalj\u0161emu in bolj kakovostnemu \u017eivljenju. Izbolj\u0161ana sr\u010dno-\u017eilna zdravje Pove\u010dana mi\u0161i\u010dna mo\u010d in vzdr\u017eljivost Izbolj\u0161ana gibljivost in ravnote\u017eje Prepre\u010devanje osteoporoze [&hellip;]<\/p>\n","protected":false},"author":17,"featured_media":0,"parent":0,"menu_order":0,"comment_status":"closed","ping_status":"closed","template":"","meta":{"footnotes":""},"class_list":["post-2275","page","type-page","status-publish","hentry"],"_links":{"self":[{"href":"https:\/\/zd-crnomelj.si\/ckz\/wp-json\/wp\/v2\/pages\/2275","targetHints":{"allow":["GET"]}}],"collection":[{"href":"https:\/\/zd-crnomelj.si\/ckz\/wp-json\/wp\/v2\/pages"}],"about":[{"href":"https:\/\/zd-crnomelj.si\/ckz\/wp-json\/wp\/v2\/types\/page"}],"author":[{"embeddable":true,"href":"https:\/\/zd-crnomelj.si\/ckz\/wp-json\/wp\/v2\/users\/17"}],"replies":[{"embeddable":true,"href":"https:\/\/zd-crnomelj.si\/ckz\/wp-json\/wp\/v2\/comments?post=2275"}],"version-history":[{"count":2,"href":"https:\/\/zd-crnomelj.si\/ckz\/wp-json\/wp\/v2\/pages\/2275\/revisions"}],"predecessor-version":[{"id":2471,"href":"https:\/\/zd-crnomelj.si\/ckz\/wp-json\/wp\/v2\/pages\/2275\/revisions\/2471"}],"wp:attachment":[{"href":"https:\/\/zd-crnomelj.si\/ckz\/wp-json\/wp\/v2\/media?parent=2275"}],"curies":[{"name":"wp","href":"https:\/\/api.w.org\/{rel}","templated":true}]}}