{"id":2297,"date":"2023-11-30T13:53:29","date_gmt":"2023-11-30T12:53:29","guid":{"rendered":"https:\/\/zd-crnomelj.si\/zvc\/?page_id=2297"},"modified":"2023-11-30T13:53:29","modified_gmt":"2023-11-30T12:53:29","slug":"delavnica-presejanje-za-funkcijsko-manjzmoznost","status":"publish","type":"page","link":"https:\/\/zd-crnomelj.si\/ckz\/odrasli\/krepitev-zdravja\/delavnica-presejanje-za-funkcijsko-manjzmoznost\/","title":{"rendered":"DELAVNICA &#8211; Presejanje za funkcijsko manjzmo\u017enost"},"content":{"rendered":"<p>Presejanje za funkcijsko manjzmo\u017enost je obravnava v okviru Centra za krepitev zdravja, s pomo\u010djo katere boste izvedeli, kak\u0161no je va\u0161e celovito stanje za vsakodnevno delovanje.<br \/>\nZa vsakodnevno delovanje je pomembno, da so telesno, \u010dustveno, du\u0161evno in socialno zdravje v ravnovesju. Pri osebah s funkcijsko manjzmo\u017enostjo pa so lahko prisotne ve\u010dje ali manj\u0161e te\u017eave pri vsakodnevnem delovanju na eni ali ve\u010d ravneh.<br \/>\nSkupaj s fizioterapevtko ali kineziologinjo boste izpolnili kratek vpra\u0161alnik in opravili enostaven funkcijski test. Glede na rezultate vam bomo svetovali, kako lahko izbolj\u0161ate svojo zmogljivost in delovanje, tako da boste ostali \u010dim dlje zdravi in neodvisni v zgodnji in pozni starosti ter s tem prispevali h kakovosti svojega \u017eivljenja.<\/p>\n<p><strong>Kdo se lahko udele\u017ei delavnice:<\/strong> starej\u0161i od 65 let (brez napotitve)<br \/>\n<strong>\u010casovni obseg:<\/strong> 1 sre\u010danje (30 minut)<br \/>\n<strong>Izvajalec:<\/strong> dipl. fizioterapevt \/ dipl. kineziolog<\/p>\n<p><strong>KONTAKT<br \/>\n<\/strong>07 \/ 62 05 755<br \/>\n<a href=\"mailto:tjasa.klemencic@zd-crnomelj.si\">tjasa.klemencic@zd-crnomelj.si<\/a><br \/>\n<a href=\"mailto:laura.muhic@zd-crnomelj.si\">laura.muhic@zd-crnomelj.si<\/a><\/p>\n","protected":false},"excerpt":{"rendered":"<p>Presejanje za funkcijsko manjzmo\u017enost je obravnava v okviru Centra za krepitev zdravja, s pomo\u010djo katere boste izvedeli, kak\u0161no je va\u0161e celovito stanje za vsakodnevno delovanje. Za vsakodnevno delovanje je pomembno, da so telesno, \u010dustveno, du\u0161evno in socialno zdravje v ravnovesju. Pri osebah s funkcijsko manjzmo\u017enostjo pa so lahko prisotne ve\u010dje ali manj\u0161e te\u017eave pri vsakodnevnem [&hellip;]<\/p>\n","protected":false},"author":17,"featured_media":0,"parent":1663,"menu_order":0,"comment_status":"closed","ping_status":"closed","template":"","meta":{"footnotes":""},"class_list":["post-2297","page","type-page","status-publish","hentry"],"_links":{"self":[{"href":"https:\/\/zd-crnomelj.si\/ckz\/wp-json\/wp\/v2\/pages\/2297","targetHints":{"allow":["GET"]}}],"collection":[{"href":"https:\/\/zd-crnomelj.si\/ckz\/wp-json\/wp\/v2\/pages"}],"about":[{"href":"https:\/\/zd-crnomelj.si\/ckz\/wp-json\/wp\/v2\/types\/page"}],"author":[{"embeddable":true,"href":"https:\/\/zd-crnomelj.si\/ckz\/wp-json\/wp\/v2\/users\/17"}],"replies":[{"embeddable":true,"href":"https:\/\/zd-crnomelj.si\/ckz\/wp-json\/wp\/v2\/comments?post=2297"}],"version-history":[{"count":1,"href":"https:\/\/zd-crnomelj.si\/ckz\/wp-json\/wp\/v2\/pages\/2297\/revisions"}],"predecessor-version":[{"id":2298,"href":"https:\/\/zd-crnomelj.si\/ckz\/wp-json\/wp\/v2\/pages\/2297\/revisions\/2298"}],"up":[{"embeddable":true,"href":"https:\/\/zd-crnomelj.si\/ckz\/wp-json\/wp\/v2\/pages\/1663"}],"wp:attachment":[{"href":"https:\/\/zd-crnomelj.si\/ckz\/wp-json\/wp\/v2\/media?parent=2297"}],"curies":[{"name":"wp","href":"https:\/\/api.w.org\/{rel}","templated":true}]}}