{"id":24,"date":"2017-09-13T13:27:51","date_gmt":"2017-09-13T12:27:51","guid":{"rendered":"https:\/\/zd-crnomelj.si\/zvc\/?page_id=24"},"modified":"2019-06-24T09:27:09","modified_gmt":"2019-06-24T07:27:09","slug":"individualna-svetovanja-ustna-higiena","status":"publish","type":"page","link":"https:\/\/zd-crnomelj.si\/ckz\/zv-in-zzvp-otrok\/individualna-svetovanja-ustna-higiena\/","title":{"rendered":"Individualna svetovanja &#8211; ustna higiena"},"content":{"rendered":"<p>Individualna svetovanja o ustni higieni in zdravju ustne votline so namenjena otrokom in mladostnikom. Napotujejo jih osebni zobozdravniki in izvajalke zobozdravstvene vzgoje na terenu. Otroke lahko prijavijo tudi star\u0161i sami. Svetovanja se izvajajo v za to prilagojenem zobozdravstvenem kabinetu, v prostorih otro\u0161kega in mladinskega zobozdravstva.<\/p>\n<p>&nbsp;<\/p>\n<p>Za vse informacije pokli\u010dite na tel. \u0161tevilko: 07 30 61 723 ali pi\u0161ite: <a href=\"mailto:ckz@zd-crnomelj.si\">ckz@zd-crnomelj.si<\/a>.<\/p>\n<p>&nbsp;<\/p>\n","protected":false},"excerpt":{"rendered":"<p>Individualna svetovanja o ustni higieni in zdravju ustne votline so namenjena otrokom in mladostnikom. Napotujejo jih osebni zobozdravniki in izvajalke zobozdravstvene vzgoje na terenu. Otroke lahko prijavijo tudi star\u0161i sami. Svetovanja se izvajajo v za to prilagojenem zobozdravstvenem kabinetu, v prostorih otro\u0161kega in mladinskega zobozdravstva. &nbsp; Za vse informacije pokli\u010dite na tel. \u0161tevilko: 07 30 [&hellip;]<\/p>\n","protected":false},"author":2,"featured_media":58,"parent":15,"menu_order":0,"comment_status":"closed","ping_status":"closed","template":"","meta":{"footnotes":""},"class_list":["post-24","page","type-page","status-publish","has-post-thumbnail","hentry"],"_links":{"self":[{"href":"https:\/\/zd-crnomelj.si\/ckz\/wp-json\/wp\/v2\/pages\/24","targetHints":{"allow":["GET"]}}],"collection":[{"href":"https:\/\/zd-crnomelj.si\/ckz\/wp-json\/wp\/v2\/pages"}],"about":[{"href":"https:\/\/zd-crnomelj.si\/ckz\/wp-json\/wp\/v2\/types\/page"}],"author":[{"embeddable":true,"href":"https:\/\/zd-crnomelj.si\/ckz\/wp-json\/wp\/v2\/users\/2"}],"replies":[{"embeddable":true,"href":"https:\/\/zd-crnomelj.si\/ckz\/wp-json\/wp\/v2\/comments?post=24"}],"version-history":[{"count":3,"href":"https:\/\/zd-crnomelj.si\/ckz\/wp-json\/wp\/v2\/pages\/24\/revisions"}],"predecessor-version":[{"id":914,"href":"https:\/\/zd-crnomelj.si\/ckz\/wp-json\/wp\/v2\/pages\/24\/revisions\/914"}],"up":[{"embeddable":true,"href":"https:\/\/zd-crnomelj.si\/ckz\/wp-json\/wp\/v2\/pages\/15"}],"wp:featuredmedia":[{"embeddable":true,"href":"https:\/\/zd-crnomelj.si\/ckz\/wp-json\/wp\/v2\/media\/58"}],"wp:attachment":[{"href":"https:\/\/zd-crnomelj.si\/ckz\/wp-json\/wp\/v2\/media?parent=24"}],"curies":[{"name":"wp","href":"https:\/\/api.w.org\/{rel}","templated":true}]}}