{"id":495,"date":"2018-09-05T09:33:50","date_gmt":"2018-09-05T07:33:50","guid":{"rendered":"https:\/\/zd-crnomelj.si\/zvc\/?page_id=495"},"modified":"2023-11-30T12:54:39","modified_gmt":"2023-11-30T11:54:39","slug":"ali-sem-fit","status":"publish","type":"page","link":"https:\/\/zd-crnomelj.si\/ckz\/odrasli\/krepitev-zdravja\/ali-sem-fit\/","title":{"rendered":"DELAVNICA &#8211; Ali sem fit?"},"content":{"rendered":"<p>V delavnici\u00a0<strong>Ali sem fit?\u00a0<\/strong>boste izvedeli, kak\u0161na je va\u0161a telesna zmogljivost ter prejeli individualen nasvet o ustrezni telesni dejavnosti za krepitev va\u0161ega zdravja. Delavnica je namenjena odraslim posameznikom, starim od 18\u201365 let. Poteka v enkratnem sre\u010danju.<\/p>\n<p><strong>\u00a0<\/strong>V delavnici boste:<\/p>\n<ul>\n<li>pod strokovnim vodstvom opravili enega izmed treh preizkusov za ugotavljanje telesne zmogljivosti (preizkus hoje na 2 km ali 6-minutni test hoje ali 2-minutni test stopanja na mestu) ter<\/li>\n<li>skladno z rezultatom testiranja in zdravstvenim stanjem dobili strokovni nasvet o ustrezni telesni dejavnosti za krepitev va\u0161ega zdravja.<\/li>\n<\/ul>\n<p>&nbsp;<\/p>\n<p><strong>Kdo se lahko udele\u017ei delavnice:<\/strong>\u00a0vsi (brez napotitve)<br \/>\n<strong>\u010casovni obseg:<\/strong>\u00a01 sre\u010danje (90 minut)<br \/>\n<strong>Izvajalec:<\/strong>\u00a0dipl. fizioterapevt in dipl. kineziolog<\/p>\n<p><strong>\u00a0<\/strong><strong>KONTAKT<br \/>\n<\/strong>07 \/ 62 05 755<br \/>\n<a href=\"mailto:tjasa.klemencic@zd-crnomelj.si\">tjasa.klemencic@zd-crnomelj.si<\/a><br \/>\n<a href=\"mailto:laura.muhic@zd-crnomelj.si\">laura.muhic@zd-crnomelj.si<\/a><\/p>\n","protected":false},"excerpt":{"rendered":"<p>V delavnici\u00a0Ali sem fit?\u00a0boste izvedeli, kak\u0161na je va\u0161a telesna zmogljivost ter prejeli individualen nasvet o ustrezni telesni dejavnosti za krepitev va\u0161ega zdravja. Delavnica je namenjena odraslim posameznikom, starim od 18\u201365 let. Poteka v enkratnem sre\u010danju. \u00a0V delavnici boste: pod strokovnim vodstvom opravili enega izmed treh preizkusov za ugotavljanje telesne zmogljivosti (preizkus hoje na 2 km [&hellip;]<\/p>\n","protected":false},"author":2,"featured_media":496,"parent":1663,"menu_order":0,"comment_status":"closed","ping_status":"closed","template":"","meta":{"footnotes":""},"class_list":["post-495","page","type-page","status-publish","has-post-thumbnail","hentry"],"_links":{"self":[{"href":"https:\/\/zd-crnomelj.si\/ckz\/wp-json\/wp\/v2\/pages\/495","targetHints":{"allow":["GET"]}}],"collection":[{"href":"https:\/\/zd-crnomelj.si\/ckz\/wp-json\/wp\/v2\/pages"}],"about":[{"href":"https:\/\/zd-crnomelj.si\/ckz\/wp-json\/wp\/v2\/types\/page"}],"author":[{"embeddable":true,"href":"https:\/\/zd-crnomelj.si\/ckz\/wp-json\/wp\/v2\/users\/2"}],"replies":[{"embeddable":true,"href":"https:\/\/zd-crnomelj.si\/ckz\/wp-json\/wp\/v2\/comments?post=495"}],"version-history":[{"count":10,"href":"https:\/\/zd-crnomelj.si\/ckz\/wp-json\/wp\/v2\/pages\/495\/revisions"}],"predecessor-version":[{"id":2266,"href":"https:\/\/zd-crnomelj.si\/ckz\/wp-json\/wp\/v2\/pages\/495\/revisions\/2266"}],"up":[{"embeddable":true,"href":"https:\/\/zd-crnomelj.si\/ckz\/wp-json\/wp\/v2\/pages\/1663"}],"wp:featuredmedia":[{"embeddable":true,"href":"https:\/\/zd-crnomelj.si\/ckz\/wp-json\/wp\/v2\/media\/496"}],"wp:attachment":[{"href":"https:\/\/zd-crnomelj.si\/ckz\/wp-json\/wp\/v2\/media?parent=495"}],"curies":[{"name":"wp","href":"https:\/\/api.w.org\/{rel}","templated":true}]}}